{"id":533,"date":"2021-04-19T17:15:21","date_gmt":"2021-04-19T17:15:21","guid":{"rendered":"https:\/\/greengeneration.es\/?page_id=533"},"modified":"2021-05-05T16:24:06","modified_gmt":"2021-05-05T16:24:06","slug":"home","status":"publish","type":"page","link":"https:\/\/greengeneration.es\/ca\/","title":{"rendered":"Home"},"content":{"rendered":"\n  <div class=\"banner has-hover has-video\" id=\"banner-827209351\">\n          <div class=\"banner-inner fill\">\n        <div class=\"banner-bg fill\" >\n            <div class=\"bg fill bg-fill \"><\/div>\n            \t<div class=\"video-overlay no-click fill visible\"><\/div>\n\t<video class=\"video-bg fill visible\" preload playsinline autoplay\n\t\tmuted\t\tloop>\n\t\t<source src=\"https:\/\/greengeneration.es\/wp-content\/uploads\/2021\/05\/plano_letrero-colibri_home-1.mp4\" type=\"video\/mp4\">\t<\/video>\n                        \n                    <\/div>\n        <div class=\"banner-layers container\">\n            <div class=\"fill banner-link\"><\/div>            \n        <\/div>\n      <\/div>\n\n            \n<style>\n#banner-827209351 {\n  padding-top: 56.25%;\n}\n@media (min-width:550px) {\n  #banner-827209351 {\n    padding-top: 32%;\n  }\n}\n<\/style>\n  <\/div>\n\n\n\t<div id=\"gap-1030136049\" class=\"gap-element clearfix\" style=\"display:block; height:auto;\">\n\t\t\n<style>\n#gap-1030136049 {\n  padding-top: 60px;\n}\n<\/style>\n\t<\/div>\n\t\n\t<section class=\"section\" id=\"section_1350460871\">\n\t\t<div class=\"bg section-bg fill bg-fill  bg-loaded\" >\n\n\t\t\t\n\t\t\t\n\t\t\t\n\n\t\t<\/div>\n\n\t\t<div class=\"section-content relative\">\n\t\t\t\n<div class=\"row row-large align-middle\"  id=\"row-991564113\">\n\n\t<div id=\"col-864095514\" class=\"col medium-6 small-12 large-6\"  >\n\t\t<div class=\"col-inner\"  >\n\t\t\t\n\t\t\t\n\t<div class=\"img has-hover x md-x lg-x y md-y lg-y\" id=\"image_1359196920\">\n\t\t\t\t\t\t\t\t<div class=\"img-inner dark\" >\n\t\t\t<img loading=\"lazy\" decoding=\"async\" width=\"538\" height=\"295\" src=\"https:\/\/greengeneration.es\/wp-content\/uploads\/2021\/05\/PERSONATGES_HOME.png\" class=\"attachment-original size-original\" alt=\"\" \/>\t\t\t\t\t\t\n\t\t\t\t\t<\/div>\n\t\t\t\t\t\t\t\t\n<style>\n#image_1359196920 {\n  width: 100%;\n}\n<\/style>\n\t<\/div>\n\t\n\t\t<\/div>\n\t\t\t<\/div>\n\n\t\n\n\t<div id=\"col-1856631015\" class=\"col medium-6 small-12 large-6\"  >\n\t\t<div class=\"col-inner\"  >\n\t\t\t\n\t\t\t\n<p>Qu\u00e8 \u00e9s l\u2019escalfament global? Per qu\u00e8 \u00e9s tan important reciclar? Per qu\u00e8 hi ha esp\u00e8cies d\u2019animals en perill d\u2019extinci\u00f3? <\/p>\n<p>GREEN GENERATION \u00e9s una s\u00e8rie d\u2019animaci\u00f3 did\u00e0ctica i divertida que combina l\u2019entreteniment amb informaci\u00f3 rigorosa sobre la defensa del medi ambient natural i que d\u00f3na resposta a les preguntes que ens fem sobre la natura, el futur i el planeta.<\/p>\n<p>GREEN GENERATION \u00e9s tamb\u00e9 un Univers de Continguts Audiovisuals per a Xarxes Socials, Plataformes i Televisi\u00f3 enfocats a potenciar el respecte i l\u2019amor cap a la Natura que pret\u00e9n crear consci\u00e8ncia per fer del m\u00f3n un lloc m\u00e9s natural, sostenible, just i solidari. <\/p>\n<p>Amb la teua ajuda, ho aconseguirem.<\/p>\n\t\t<\/div>\n\t\t\t<\/div>\n\n\t\n<\/div>\n\t\t<\/div>\n\n\t\t\n<style>\n#section_1350460871 {\n  padding-top: 30px;\n  padding-bottom: 30px;\n}\n<\/style>\n\t<\/section>\n\t\n<div class=\"row align-center\"  id=\"row-1926216829\">\n\n\t<div id=\"col-71398228\" class=\"col medium-8 small-12 large-8\"  >\n\t\t<div class=\"col-inner\"  >\n\t\t\t\n\t\t\t\n<div class=\"video video-fit mb\" style=\"padding-top:56%;\"><p><iframe loading=\"lazy\" title=\"PROMO GREEN GENERATION VALENCI\u00c0\" width=\"1020\" height=\"574\" src=\"https:\/\/www.youtube.com\/embed\/GEgf5lNAUZc?feature=oembed\" frameborder=\"0\" allow=\"accelerometer; autoplay; clipboard-write; encrypted-media; gyroscope; picture-in-picture\" allowfullscreen><\/iframe><\/p>\n<\/div>\n\t\t<\/div>\n\t\t\t<\/div>\n\n\t\n<\/div>\n\t<div id=\"gap-1042510559\" class=\"gap-element clearfix\" style=\"display:block; height:auto;\">\n\t\t\n<style>\n#gap-1042510559 {\n  padding-top: 80px;\n}\n<\/style>\n\t<\/div>\n\t\n<div class=\"row\"  id=\"row-439583284\">\n\n\t<div id=\"col-818172628\" class=\"col small-12 large-12\"  >\n\t\t<div class=\"col-inner\"  >\n\t\t\t\n\t\t\t\n\t<div id=\"text-3644262686\" class=\"text\">\n\t\t\n<h1>PER QU\u00c8 FEM GREEN GENERATION?<\/h1>\n\t\t\n<style>\n#text-3644262686 {\n  font-size: 1.5rem;\n  text-align: center;\n}\n<\/style>\n\t<\/div>\n\t\n\t\t<\/div>\n\t\t\t<\/div>\n\n\t\n<\/div>\n<div class=\"row\"  id=\"row-1752448770\">\n\n\t<div id=\"col-82193654\" class=\"col medium-3 small-6 large-3\"  >\n\t\t<div class=\"col-inner\"  >\n\t\t\t\n\t\t\t\n\n\t\t<div class=\"icon-box featured-box icon-box-center text-center\"  >\n\t\t\t\t\t<div class=\"icon-box-img\" style=\"width: 175px\">\n\t\t\t\t<div class=\"icon\">\n\t\t\t\t\t<div class=\"icon-inner\" >\n\t\t\t\t\t\t<img loading=\"lazy\" decoding=\"async\" width=\"204\" height=\"204\" src=\"https:\/\/greengeneration.es\/wp-content\/uploads\/2021\/05\/ICON_01_HOME.png\" class=\"attachment-medium size-medium\" alt=\"\" \/>\t\t\t\t\t<\/div>\n\t\t\t\t<\/div>\n\t\t\t<\/div>\n\t\t\t\t<div class=\"icon-box-text last-reset\">\n\t\t\t\t\t\t\t\t\t\n<p style=\"margin-top:-20px\">Per a educar i <br \/>conscienciar en la <br \/>defensa de la<br \/> natura<\/p>\n\t\t<\/div>\n\t<\/div>\n\t\n\t\n\t\t<\/div>\n\t\t\t<\/div>\n\n\t\n\n\t<div id=\"col-691511086\" class=\"col medium-3 small-6 large-3\"  >\n\t\t<div class=\"col-inner\"  >\n\t\t\t\n\t\t\t\n\n\t\t<div class=\"icon-box featured-box icon-box-center text-center\"  >\n\t\t\t\t\t<div class=\"icon-box-img\" style=\"width: 175px\">\n\t\t\t\t<div class=\"icon\">\n\t\t\t\t\t<div class=\"icon-inner\" >\n\t\t\t\t\t\t<img loading=\"lazy\" decoding=\"async\" width=\"204\" height=\"204\" src=\"https:\/\/greengeneration.es\/wp-content\/uploads\/2021\/05\/ICON_02_HOME.png\" class=\"attachment-medium size-medium\" alt=\"\" \/>\t\t\t\t\t<\/div>\n\t\t\t\t<\/div>\n\t\t\t<\/div>\n\t\t\t\t<div class=\"icon-box-text last-reset\">\n\t\t\t\t\t\t\t\t\t\n<p style=\"margin-top:-20px\">Per a combatre la<br \/>crisi clim\u00e0tica i <br \/>l&#8217;escalfament<br \/> global<\/p>\n\t\t<\/div>\n\t<\/div>\n\t\n\t\n\t\t<\/div>\n\t\t\t<\/div>\n\n\t\n\n\t<div id=\"col-2108508025\" class=\"col medium-3 small-6 large-3\"  >\n\t\t<div class=\"col-inner\"  >\n\t\t\t\n\t\t\t\n\n\t\t<div class=\"icon-box featured-box icon-box-center text-center\"  >\n\t\t\t\t\t<div class=\"icon-box-img\" style=\"width: 175px\">\n\t\t\t\t<div class=\"icon\">\n\t\t\t\t\t<div class=\"icon-inner\" >\n\t\t\t\t\t\t<img loading=\"lazy\" decoding=\"async\" width=\"204\" height=\"204\" src=\"https:\/\/greengeneration.es\/wp-content\/uploads\/2021\/05\/ICON_03_HOME.png\" class=\"attachment-medium size-medium\" alt=\"\" \/>\t\t\t\t\t<\/div>\n\t\t\t\t<\/div>\n\t\t\t<\/div>\n\t\t\t\t<div class=\"icon-box-text last-reset\">\n\t\t\t\t\t\t\t\t\t\n<p style=\"margin-top:-20px\">Per a defensar la <br \/>vida al nostre<br \/>planeta <\/p>\n\t\t<\/div>\n\t<\/div>\n\t\n\t\n\t\t<\/div>\n\t\t\t<\/div>\n\n\t\n\n\t<div id=\"col-2007313778\" class=\"col medium-3 small-6 large-3\"  >\n\t\t<div class=\"col-inner\"  >\n\t\t\t\n\t\t\t\n\n\t\t<div class=\"icon-box featured-box icon-box-center text-center\"  >\n\t\t\t\t\t<div class=\"icon-box-img\" style=\"width: 175px\">\n\t\t\t\t<div class=\"icon\">\n\t\t\t\t\t<div class=\"icon-inner\" >\n\t\t\t\t\t\t<img loading=\"lazy\" decoding=\"async\" width=\"196\" height=\"196\" src=\"https:\/\/greengeneration.es\/wp-content\/uploads\/2021\/05\/ICON_04_HOME.png\" class=\"attachment-medium size-medium\" alt=\"\" \/>\t\t\t\t\t<\/div>\n\t\t\t\t<\/div>\n\t\t\t<\/div>\n\t\t\t\t<div class=\"icon-box-text last-reset\">\n\t\t\t\t\t\t\t\t\t\n<p style=\"margin-top:-20px\">Per a assegurar <br \/>un futur millor <br \/>per a tothom<\/p>\n\t\t<\/div>\n\t<\/div>\n\t\n\t\n\t\t<\/div>\n\t\t\t<\/div>\n\n\t\n<\/div>\n\t<div id=\"gap-1233861912\" class=\"gap-element clearfix\" style=\"display:block; height:auto;\">\n\t\t\n<style>\n#gap-1233861912 {\n  padding-top: 60px;\n}\n<\/style>\n\t<\/div>\n\t\n<div class=\"row align-center\"  id=\"row-450570401\">\n\n\t<div id=\"col-1011690242\" class=\"col medium-9 small-12 large-9\"  >\n\t\t<div class=\"col-inner\"  >\n\t\t\t\n\t\t\t\n<p style=\"text-align: left\">GREEN GENERATION informa i educa sobre els grans reptes mediambientals als que ens enfrontem i ofereix solucions per aconseguir, entre tots, un m\u00f3n millor. \u00a0<\/p>\n<p style=\"text-align: left\">Ajuda\u2019ns a crear consci\u00e8ncia a favor del medi ambient i la natura. Vine a formar part de\u00a0GREEN GENERATION.<\/p>\n\t\t<\/div>\n\t\t\t<\/div>\n\n\t\n<\/div>\n\t<div id=\"gap-1996311105\" class=\"gap-element clearfix\" style=\"display:block; height:auto;\">\n\t\t\n<style>\n#gap-1996311105 {\n  padding-top: 40px;\n}\n<\/style>\n\t<\/div>\n\t\n<div class=\"row\"  id=\"row-984767862\">\n\n\t<div id=\"col-1299120156\" class=\"col small-12 large-12\"  >\n\t\t<div class=\"col-inner text-center\"  >\n\t\t\t\n\t\t\t\n<a rel=\"noopener noreferrer\" href=\"https:\/\/www.patreon.com\/greengeneration\" target=\"_blank\" class=\"button primary is-xlarge\"  style=\"padding:0px 80px 0px 80px;\">\n    <span>D\u00d3NA'NS SUPORT<\/span>\n  <\/a>\n\n\t\t<\/div>\n\t\t\t<\/div>\n\n\t\n<\/div>\n\t<div id=\"gap-506178817\" class=\"gap-element clearfix\" style=\"display:block; height:auto;\">\n\t\t\n<style>\n#gap-506178817 {\n  padding-top: 30px;\n}\n<\/style>\n\t<\/div>\n\t\n\t<section class=\"section dark\" id=\"section_1018749818\">\n\t\t<div class=\"bg section-bg fill bg-fill  bg-loaded\" >\n\n\t\t\t\n\t\t\t\n\t\t\t\n\n\t\t<\/div>\n\n\t\t<div class=\"section-content relative\">\n\t\t\t\r\n\r\n<div class=\"row row-large row-full-width align-bottom\"  id=\"row-1719987091\">\r\n\r\n\n\t<div id=\"col-796945008\" class=\"col hide-for-small medium-12 small-12 large-8\"  >\n\t\t<div class=\"col-inner text-left\"  >\n\t\t\t\n\t\t\t\r\n\r\n\t<div id=\"text-1325258324\" class=\"text\">\n\t\t\r\n\r\n<p><a href=\"\/ca\/contacte\/#newsletter\"><span style=\"font-size: 90%;padding-right: 50px\">Newsletter<\/span><\/a><a href=\"\/es\/aviso-legal\"><span style=\"font-size: 90%;padding-right: 50px\">Av\u00eds legal<\/span><\/a><a href=\"\/es\/politica-de-privacidad\"><span style=\"font-size: 90%;padding-right: 50px\">Pol\u00edtica de privacitat<\/span><\/a><a href=\"\/es\/politica-de-cookies\"><span style=\"font-size: 90%;padding-right: 50px\">Pol\u00edtica de cookies<\/span><\/a><\/p>\r\n\t\t\n<style>\n#text-1325258324 {\n  text-align: left;\n}\n<\/style>\n\t<\/div>\n\t\r\n\r\n\t\t<\/div>\n\t\t\n<style>\n#col-796945008 > .col-inner {\n  margin: 0px 0px -15px 0px;\n}\n<\/style>\n\t<\/div>\n\n\t\r\n\n\t<div id=\"col-609313150\" class=\"col show-for-small medium-12 small-12 large-8\"  >\n\t\t<div class=\"col-inner text-center\"  >\n\t\t\t\n\t\t\t\r\n\r\n\t<div id=\"text-3416303852\" class=\"text\">\n\t\t\r\n\r\n<p><a href=\"\/es\/politica-de-privacidad\"><span style=\"font-size: 90%;padding-right: 30px\">Privacitat<\/span><\/a><a href=\"\/es\/politica-de-cookies\"><span style=\"font-size: 90%;padding-right: 30px\">Cookies<\/span><\/a><a href=\"\/contacte\/#newsletter\"><span style=\"font-size: 90%;padding-right: 30px\">Newsletter<\/span><\/a><a href=\"\/es\/aviso-legal\"><span style=\"font-size: 90%;padding-right: 30px\">Av\u00eds legal<\/span><\/a><\/p>\r\n\t\t\n<style>\n#text-3416303852 {\n  font-size: 0.85rem;\n  text-align: center;\n}\n@media (min-width:550px) {\n  #text-3416303852 {\n    text-align: left;\n  }\n}\n<\/style>\n\t<\/div>\n\t\r\n\r\n\t\t<\/div>\n\t\t\n<style>\n#col-609313150 > .col-inner {\n  margin: 0px 0px -15px 0;\n}\n@media (min-width:550px) {\n  #col-609313150 > .col-inner {\n    margin: 0px 0px -15px 0px;\n  }\n}\n<\/style>\n\t<\/div>\n\n\t\r\n\n\t<div id=\"col-203929377\" class=\"col medium-6 small-12 large-4 medium-col-first\"  >\n\t\t<div class=\"col-inner text-center\"  >\n\t\t\t\n\t\t\t\r\n\r\n<div class=\"social-icons follow-icons\" style=\"font-size:110%\"><a href=\"https:\/\/www.facebook.com\/greengenerationes\" target=\"_blank\" data-label=\"Facebook\"  rel=\"noopener noreferrer nofollow\" class=\"icon plain facebook tooltip\" title=\"Seguiu-nos a Facebook\"><i class=\"icon-facebook\" ><\/i><\/a><a href=\"https:\/\/www.instagram.com\/greengeneration.cat\/\" target=\"_blank\" rel=\"noopener noreferrer nofollow\" data-label=\"Instagram\" class=\"icon plain  instagram tooltip\" title=\"Seguiu-nos a Instagram\"><i class=\"icon-instagram\" ><\/i><\/a><a href=\"mailto:info@greengeneration.es\" data-label=\"E-mail\"  rel=\"nofollow\" class=\"icon plain  email tooltip\" title=\"Envia'ns un email\"><i class=\"icon-envelop\" ><\/i><\/a><a href=\"https:\/\/www.pinterest.es\/green_generation\/\" target=\"_blank\" rel=\"noopener noreferrer nofollow\"  data-label=\"Pinterest\"  class=\"icon plain  pinterest tooltip\" title=\"Seguiu-nos a Pinterest\"><i class=\"icon-pinterest\" ><\/i><\/a><a href=\"https:\/\/www.youtube.com\/channel\/UCmfG_A2bsovDDlzbCYKy-jA\" target=\"_blank\" rel=\"noopener noreferrer nofollow\" data-label=\"YouTube\" class=\"icon plain  youtube tooltip\" title=\"Seguiu-nos a Youtube\"><i class=\"icon-youtube\" ><\/i><\/a><\/div>\r\n\r\n\r\n\t\t<\/div>\n\t\t\n<style>\n#col-203929377 > .col-inner {\n  padding: 0px 0px 0px 0px;\n  margin: 20px 0px 0px -10px;\n}\n@media (min-width:550px) {\n  #col-203929377 > .col-inner {\n    padding: 0px 0px 0px 0px;\n    margin: 20px 0px 0px 0px;\n  }\n}\n<\/style>\n\t<\/div>\n\n\t\r\n\r\n\n<style>\n#row-1719987091 > .col > .col-inner {\n  padding: 0px 0px 0px 0px;\n}\n<\/style>\n<\/div>\r\n\r\n\t\t<\/div>\n\n\t\t\n<style>\n#section_1018749818 {\n  padding-top: 0px;\n  padding-bottom: 0px;\n  background-color: #414b19;\n}\n<\/style>\n\t<\/section>\n\t\n","protected":false},"excerpt":{"rendered":"","protected":false},"author":1,"featured_media":535,"parent":0,"menu_order":0,"comment_status":"closed","ping_status":"closed","template":"page-blank.php","meta":{"footnotes":""},"class_list":["post-533","page","type-page","status-publish","has-post-thumbnail","hentry"],"yoast_head":"<!-- This site is optimized with the Yoast SEO plugin v27.2 - https:\/\/yoast.com\/product\/yoast-seo-wordpress\/ -->\n<title>Home - Green Generation<\/title>\n<meta name=\"robots\" content=\"index, follow, max-snippet:-1, max-image-preview:large, max-video-preview:-1\" \/>\n<link rel=\"canonical\" href=\"https:\/\/greengeneration.es\/ca\/\" \/>\n<meta property=\"og:locale\" content=\"ca_ES\" \/>\n<meta property=\"og:type\" content=\"article\" \/>\n<meta property=\"og:title\" content=\"Home - Green Generation\" \/>\n<meta property=\"og:url\" content=\"https:\/\/greengeneration.es\/ca\/\" \/>\n<meta property=\"og:site_name\" content=\"Green Generation\" \/>\n<meta property=\"article:modified_time\" content=\"2021-05-05T16:24:06+00:00\" \/>\n<meta property=\"og:image\" content=\"https:\/\/greengeneration.es\/wp-content\/uploads\/2016\/08\/dummy-2.jpg\" \/>\n\t<meta property=\"og:image:width\" content=\"1000\" \/>\n\t<meta property=\"og:image:height\" content=\"650\" \/>\n\t<meta property=\"og:image:type\" content=\"image\/jpeg\" \/>\n<meta name=\"twitter:card\" content=\"summary_large_image\" \/>\n<meta name=\"twitter:label1\" content=\"Temps estimat de lectura\" \/>\n\t<meta name=\"twitter:data1\" content=\"2 minuts\" \/>\n<script type=\"application\/ld+json\" class=\"yoast-schema-graph\">{\"@context\":\"https:\/\/schema.org\",\"@graph\":[{\"@type\":\"WebPage\",\"@id\":\"https:\/\/greengeneration.es\/ca\/\",\"url\":\"https:\/\/greengeneration.es\/ca\/\",\"name\":\"Home - Green Generation\",\"isPartOf\":{\"@id\":\"https:\/\/greengeneration.es\/#website\"},\"primaryImageOfPage\":{\"@id\":\"https:\/\/greengeneration.es\/ca\/#primaryimage\"},\"image\":{\"@id\":\"https:\/\/greengeneration.es\/ca\/#primaryimage\"},\"thumbnailUrl\":\"https:\/\/greengeneration.es\/wp-content\/uploads\/2016\/08\/dummy-2.jpg\",\"datePublished\":\"2021-04-19T17:15:21+00:00\",\"dateModified\":\"2021-05-05T16:24:06+00:00\",\"breadcrumb\":{\"@id\":\"https:\/\/greengeneration.es\/ca\/#breadcrumb\"},\"inLanguage\":\"ca\",\"potentialAction\":[{\"@type\":\"ReadAction\",\"target\":[\"https:\/\/greengeneration.es\/ca\/\"]}]},{\"@type\":\"ImageObject\",\"inLanguage\":\"ca\",\"@id\":\"https:\/\/greengeneration.es\/ca\/#primaryimage\",\"url\":\"https:\/\/greengeneration.es\/wp-content\/uploads\/2016\/08\/dummy-2.jpg\",\"contentUrl\":\"https:\/\/greengeneration.es\/wp-content\/uploads\/2016\/08\/dummy-2.jpg\",\"width\":1000,\"height\":650},{\"@type\":\"BreadcrumbList\",\"@id\":\"https:\/\/greengeneration.es\/ca\/#breadcrumb\",\"itemListElement\":[{\"@type\":\"ListItem\",\"position\":1,\"name\":\"Home\",\"item\":\"https:\/\/greengeneration.es\/ca\/\"},{\"@type\":\"ListItem\",\"position\":2,\"name\":\"Home\"}]},{\"@type\":\"WebSite\",\"@id\":\"https:\/\/greengeneration.es\/#website\",\"url\":\"https:\/\/greengeneration.es\/\",\"name\":\"Green Generation\",\"description\":\"\u00a1Ap\u00f3yanos!\",\"potentialAction\":[{\"@type\":\"SearchAction\",\"target\":{\"@type\":\"EntryPoint\",\"urlTemplate\":\"https:\/\/greengeneration.es\/?s={search_term_string}\"},\"query-input\":{\"@type\":\"PropertyValueSpecification\",\"valueRequired\":true,\"valueName\":\"search_term_string\"}}],\"inLanguage\":\"ca\"}]}<\/script>\n<!-- \/ Yoast SEO plugin. -->","yoast_head_json":{"title":"Home - Green Generation","robots":{"index":"index","follow":"follow","max-snippet":"max-snippet:-1","max-image-preview":"max-image-preview:large","max-video-preview":"max-video-preview:-1"},"canonical":"https:\/\/greengeneration.es\/ca\/","og_locale":"ca_ES","og_type":"article","og_title":"Home - Green Generation","og_url":"https:\/\/greengeneration.es\/ca\/","og_site_name":"Green Generation","article_modified_time":"2021-05-05T16:24:06+00:00","og_image":[{"width":1000,"height":650,"url":"https:\/\/greengeneration.es\/wp-content\/uploads\/2016\/08\/dummy-2.jpg","type":"image\/jpeg"}],"twitter_card":"summary_large_image","twitter_misc":{"Temps estimat de lectura":"2 minuts"},"schema":{"@context":"https:\/\/schema.org","@graph":[{"@type":"WebPage","@id":"https:\/\/greengeneration.es\/ca\/","url":"https:\/\/greengeneration.es\/ca\/","name":"Home - Green Generation","isPartOf":{"@id":"https:\/\/greengeneration.es\/#website"},"primaryImageOfPage":{"@id":"https:\/\/greengeneration.es\/ca\/#primaryimage"},"image":{"@id":"https:\/\/greengeneration.es\/ca\/#primaryimage"},"thumbnailUrl":"https:\/\/greengeneration.es\/wp-content\/uploads\/2016\/08\/dummy-2.jpg","datePublished":"2021-04-19T17:15:21+00:00","dateModified":"2021-05-05T16:24:06+00:00","breadcrumb":{"@id":"https:\/\/greengeneration.es\/ca\/#breadcrumb"},"inLanguage":"ca","potentialAction":[{"@type":"ReadAction","target":["https:\/\/greengeneration.es\/ca\/"]}]},{"@type":"ImageObject","inLanguage":"ca","@id":"https:\/\/greengeneration.es\/ca\/#primaryimage","url":"https:\/\/greengeneration.es\/wp-content\/uploads\/2016\/08\/dummy-2.jpg","contentUrl":"https:\/\/greengeneration.es\/wp-content\/uploads\/2016\/08\/dummy-2.jpg","width":1000,"height":650},{"@type":"BreadcrumbList","@id":"https:\/\/greengeneration.es\/ca\/#breadcrumb","itemListElement":[{"@type":"ListItem","position":1,"name":"Home","item":"https:\/\/greengeneration.es\/ca\/"},{"@type":"ListItem","position":2,"name":"Home"}]},{"@type":"WebSite","@id":"https:\/\/greengeneration.es\/#website","url":"https:\/\/greengeneration.es\/","name":"Green Generation","description":"\u00a1Ap\u00f3yanos!","potentialAction":[{"@type":"SearchAction","target":{"@type":"EntryPoint","urlTemplate":"https:\/\/greengeneration.es\/?s={search_term_string}"},"query-input":{"@type":"PropertyValueSpecification","valueRequired":true,"valueName":"search_term_string"}}],"inLanguage":"ca"}]}},"_links":{"self":[{"href":"https:\/\/greengeneration.es\/ca\/wp-json\/wp\/v2\/pages\/533\/"}],"collection":[{"href":"https:\/\/greengeneration.es\/ca\/wp-json\/wp\/v2\/pages\/"}],"about":[{"href":"https:\/\/greengeneration.es\/ca\/wp-json\/wp\/v2\/types\/page\/"}],"author":[{"embeddable":true,"href":"https:\/\/greengeneration.es\/ca\/wp-json\/wp\/v2\/users\/1\/"}],"replies":[{"embeddable":true,"href":"https:\/\/greengeneration.es\/ca\/wp-json\/wp\/v2\/comments\/?post=533"}],"version-history":[{"count":10,"href":"https:\/\/greengeneration.es\/ca\/wp-json\/wp\/v2\/pages\/533\/revisions\/"}],"predecessor-version":[{"id":1002,"href":"https:\/\/greengeneration.es\/ca\/wp-json\/wp\/v2\/pages\/533\/revisions\/1002\/"}],"wp:featuredmedia":[{"embeddable":true,"href":"https:\/\/greengeneration.es\/ca\/wp-json\/wp\/v2\/media\/535\/"}],"wp:attachment":[{"href":"https:\/\/greengeneration.es\/ca\/wp-json\/wp\/v2\/media\/?parent=533"}],"curies":[{"name":"wp","href":"https:\/\/api.w.org\/{rel}","templated":true}]}}