{"id":572,"date":"2021-04-19T17:30:41","date_gmt":"2021-04-19T17:30:41","guid":{"rendered":"https:\/\/greengeneration.es\/?page_id=572"},"modified":"2021-05-05T16:26:29","modified_gmt":"2021-05-05T16:26:29","slug":"patreon","status":"publish","type":"page","link":"https:\/\/greengeneration.es\/ca\/patreon\/","title":{"rendered":"Patreon"},"content":{"rendered":"\n  <div class=\"banner has-hover has-video\" id=\"banner-1333325071\">\n          <div class=\"banner-inner fill\">\n        <div class=\"banner-bg fill\" >\n            <div class=\"bg fill bg-fill \"><\/div>\n            \t<div class=\"video-overlay no-click fill visible\"><\/div>\n\t<video class=\"video-bg fill visible\" preload playsinline autoplay\n\t\tmuted\t\tloop>\n\t\t<source src=\"https:\/\/greengeneration.es\/wp-content\/uploads\/2021\/05\/BANNER-PATREON_RIO-CONTAMINADO_1280x720.mp4\" type=\"video\/mp4\">\t<\/video>\n                        \n                    <\/div>\n        <div class=\"banner-layers container\">\n            <div class=\"fill banner-link\"><\/div>            \n        <\/div>\n      <\/div>\n\n            \n<style>\n#banner-1333325071 {\n  padding-top: 56.25%;\n}\n@media (min-width:550px) {\n  #banner-1333325071 {\n    padding-top: 32%;\n  }\n}\n<\/style>\n  <\/div>\n\n\n\t<div id=\"gap-1461271669\" class=\"gap-element clearfix\" style=\"display:block; height:auto;\">\n\t\t\n<style>\n#gap-1461271669 {\n  padding-top: 40px;\n}\n@media (min-width:550px) {\n  #gap-1461271669 {\n    padding-top: 90px;\n  }\n}\n<\/style>\n\t<\/div>\n\t\n\t<section class=\"section\" id=\"section_872832781\">\n\t\t<div class=\"bg section-bg fill bg-fill  bg-loaded\" >\n\n\t\t\t\n\t\t\t\n\t\t\t\n\n\t\t<\/div>\n\n\t\t<div class=\"section-content relative\">\n\t\t\t\n<div class=\"row row-large align-middle\"  id=\"row-1347754673\">\n\n\t<div id=\"col-1461605797\" class=\"col medium-6 small-12 large-6\"  >\n\t\t<div class=\"col-inner\"  >\n\t\t\t\n\t\t\t\n\t<div class=\"img has-hover x md-x lg-x y md-y lg-y\" id=\"image_2093011910\">\n\t\t\t\t\t\t\t\t<div class=\"img-inner dark\" >\n\t\t\t<img loading=\"lazy\" decoding=\"async\" width=\"395\" height=\"255\" src=\"https:\/\/greengeneration.es\/wp-content\/uploads\/2021\/05\/TERRAMARLENE_PNG.png\" class=\"attachment-original size-original\" alt=\"\" \/>\t\t\t\t\t\t\n\t\t\t\t\t<\/div>\n\t\t\t\t\t\t\t\t\n<style>\n#image_2093011910 {\n  width: 100%;\n}\n<\/style>\n\t<\/div>\n\t\n\t\t<\/div>\n\t\t\t<\/div>\n\n\t\n\n\t<div id=\"col-997812664\" class=\"col medium-6 small-12 large-6\"  >\n\t\t<div class=\"col-inner\"  >\n\t\t\t\n\t\t\t\n<p>Vols que continuem creant contingut per a xares socials?<br \/>Vols vore un nou cap\u00edtol de Green Generation cada mes?<br \/>Vols que continuem fomentant la defensa i l\u2019amor per la natura?<\/p>\n<p>Amb la teua ajuda, ho aconseguirem.<\/p>\n<p>Ajuda\u2019ns a crear consci\u00e8ncia per la protecci\u00f3 del medi ambient.<\/p>\n<p>Uneix-te a <strong>GREEN GENERATION<\/strong>, una comunitat activa en la lluita contra el canvi clim\u00e0tic.<\/p>\n<p>D\u00f3na&#8217;ns suport en Patreon des de 4,5\u20ac al mes.<\/p>\n\t\t<\/div>\n\t\t\t<\/div>\n\n\t\n<\/div>\n\t\t<\/div>\n\n\t\t\n<style>\n#section_872832781 {\n  padding-top: 0px;\n  padding-bottom: 0px;\n}\n<\/style>\n\t<\/section>\n\t\n<div class=\"row\"  id=\"row-1450721275\">\n\n\t<div id=\"col-1431636492\" class=\"col small-12 large-12\"  >\n\t\t<div class=\"col-inner text-center\"  >\n\t\t\t\n\t\t\t\n<a class=\"button primary is-xlarge\"  style=\"padding:0px 80px 0px 80px;\">\n    <span>D\u00d3NA'NS SUPORT<\/span>\n  <\/a>\n\n\t\t<\/div>\n\t\t\t<\/div>\n\n\t\n<\/div>\n\t<div id=\"gap-1380979745\" class=\"gap-element clearfix\" style=\"display:block; height:auto;\">\n\t\t\n<style>\n#gap-1380979745 {\n  padding-top: 80px;\n}\n<\/style>\n\t<\/div>\n\t\n<div class=\"row\"  id=\"row-1693275714\">\n\n\t<div id=\"col-1208664915\" class=\"col small-12 large-12\"  >\n\t\t<div class=\"col-inner\"  >\n\t\t\t\n\t\t\t\n\t<div id=\"text-3359324858\" class=\"text\">\n\t\t\n<h1>QU\u00c8 FAREM AMB LES TEUES APORTACIONS?<\/h1>\n\t\t\n<style>\n#text-3359324858 {\n  font-size: 1.5rem;\n  text-align: center;\n}\n<\/style>\n\t<\/div>\n\t\n\t\t<\/div>\n\t\t\t<\/div>\n\n\t\n<\/div>\n<div class=\"row\"  id=\"row-931394976\">\n\n\t<div id=\"col-1732300619\" class=\"col medium-3 small-6 large-3\"  >\n\t\t<div class=\"col-inner\"  >\n\t\t\t\n\t\t\t\n\n\t\t<div class=\"icon-box featured-box icon-box-center text-center\"  >\n\t\t\t\t\t<div class=\"icon-box-img\" style=\"width: 175px\">\n\t\t\t\t<div class=\"icon\">\n\t\t\t\t\t<div class=\"icon-inner\" >\n\t\t\t\t\t\t<img loading=\"lazy\" decoding=\"async\" width=\"204\" height=\"204\" src=\"https:\/\/greengeneration.es\/wp-content\/uploads\/2021\/05\/ICON_03_HOME.png\" class=\"attachment-medium size-medium\" alt=\"\" \/>\t\t\t\t\t<\/div>\n\t\t\t\t<\/div>\n\t\t\t<\/div>\n\t\t\t\t<div class=\"icon-box-text last-reset\">\n\t\t\t\t\t\t\t\t\t\n<p style=\"margin-top: -20px\">Produir m\u00e9s v\u00eddeos per a difondre el nostre amor i respecte cap a la natura<\/p>\n\t\t<\/div>\n\t<\/div>\n\t\n\t\n\t\t<\/div>\n\t\t\t<\/div>\n\n\t\n\n\t<div id=\"col-602849447\" class=\"col medium-3 small-6 large-3\"  >\n\t\t<div class=\"col-inner\"  >\n\t\t\t\n\t\t\t\n\n\t\t<div class=\"icon-box featured-box icon-box-center text-center\"  >\n\t\t\t\t\t<div class=\"icon-box-img\" style=\"width: 175px\">\n\t\t\t\t<div class=\"icon\">\n\t\t\t\t\t<div class=\"icon-inner\" >\n\t\t\t\t\t\t<img loading=\"lazy\" decoding=\"async\" width=\"203\" height=\"203\" src=\"https:\/\/greengeneration.es\/wp-content\/uploads\/2021\/05\/ICON_02_PATREON.png\" class=\"attachment-medium size-medium\" alt=\"\" \/>\t\t\t\t\t<\/div>\n\t\t\t\t<\/div>\n\t\t\t<\/div>\n\t\t\t\t<div class=\"icon-box-text last-reset\">\n\t\t\t\t\t\t\t\t\t\n<p style=\"margin-top: -20px\">Mantindre la nostra independ\u00e8ncia editorial i econ\u00f2mica. No volem dependre dels diners de qui es lucra a costa del planeta.<\/p>\n\t\t<\/div>\n\t<\/div>\n\t\n\t\n\t\t<\/div>\n\t\t\t<\/div>\n\n\t\n\n\t<div id=\"col-1561694149\" class=\"col medium-3 small-6 large-3\"  >\n\t\t<div class=\"col-inner\"  >\n\t\t\t\n\t\t\t\n\n\t\t<div class=\"icon-box featured-box icon-box-center text-center\"  >\n\t\t\t\t\t<div class=\"icon-box-img\" style=\"width: 175px\">\n\t\t\t\t<div class=\"icon\">\n\t\t\t\t\t<div class=\"icon-inner\" >\n\t\t\t\t\t\t<img loading=\"lazy\" decoding=\"async\" width=\"203\" height=\"203\" src=\"https:\/\/greengeneration.es\/wp-content\/uploads\/2021\/05\/ICON_03_PATREON.png\" class=\"attachment-medium size-medium\" alt=\"\" \/>\t\t\t\t\t<\/div>\n\t\t\t\t<\/div>\n\t\t\t<\/div>\n\t\t\t\t<div class=\"icon-box-text last-reset\">\n\t\t\t\t\t\t\t\t\t\n<p style=\"margin-top: -20px\">Conscienciar sobre el canvi clim\u00e0tic en nous formats com videojocs, can\u00e7ons, continguts per a xarxes socials o publicacions<\/p>\n\t\t<\/div>\n\t<\/div>\n\t\n\t\n\t\t<\/div>\n\t\t\t<\/div>\n\n\t\n\n\t<div id=\"col-1976808587\" class=\"col medium-3 small-6 large-3\"  >\n\t\t<div class=\"col-inner\"  >\n\t\t\t\n\t\t\t\n\n\t\t<div class=\"icon-box featured-box icon-box-center text-center\"  >\n\t\t\t\t\t<div class=\"icon-box-img\" style=\"width: 175px\">\n\t\t\t\t<div class=\"icon\">\n\t\t\t\t\t<div class=\"icon-inner\" >\n\t\t\t\t\t\t<img loading=\"lazy\" decoding=\"async\" width=\"203\" height=\"203\" src=\"https:\/\/greengeneration.es\/wp-content\/uploads\/2021\/05\/ICON_04_PATREON.png\" class=\"attachment-medium size-medium\" alt=\"\" \/>\t\t\t\t\t<\/div>\n\t\t\t\t<\/div>\n\t\t\t<\/div>\n\t\t\t\t<div class=\"icon-box-text last-reset\">\n\t\t\t\t\t\t\t\t\t\n<p style=\"margin-top: -20px\">Enfortir la comunitat Green Generation per a convertir-la en un espai actiu en la lluita contra el canvi clim\u00e0tic<\/p>\n\t\t<\/div>\n\t<\/div>\n\t\n\t\n\t\t<\/div>\n\t\t\t<\/div>\n\n\t\n<\/div>\n\t<div id=\"gap-1769310884\" class=\"gap-element clearfix\" style=\"display:block; height:auto;\">\n\t\t\n<style>\n#gap-1769310884 {\n  padding-top: 40px;\n}\n@media (min-width:550px) {\n  #gap-1769310884 {\n    padding-top: 90px;\n  }\n}\n<\/style>\n\t<\/div>\n\t\n<div class=\"row align-center\"  id=\"row-1552753905\">\n\n\t<div id=\"col-1604125384\" class=\"col small-12 large-12\"  >\n\t\t<div class=\"col-inner\"  >\n\t\t\t\n\t\t\t\n\t<div id=\"text-3986247140\" class=\"text\">\n\t\t\n<h1>COM FUNCIONA?<\/h1>\n\t\t\n<style>\n#text-3986247140 {\n  font-size: 1.5rem;\n  text-align: center;\n}\n<\/style>\n\t<\/div>\n\t\n\t\t<\/div>\n\t\t\t<\/div>\n\n\t\n\n\t<div id=\"col-422208190\" class=\"col medium-8 small-12 large-8\"  >\n\t\t<div class=\"col-inner text-center\"  >\n\t\t\t\n\t\t\t\n<div class=\"video video-fit mb\" style=\"padding-top:56.25%;\"><p><iframe loading=\"lazy\" title=\"Com puc recolzar Green Generation a Patreon?\" src=\"https:\/\/player.vimeo.com\/video\/538662811?dnt=1&amp;app_id=122963\" width=\"1020\" height=\"574\" frameborder=\"0\" allow=\"autoplay; fullscreen; picture-in-picture\" allowfullscreen><\/iframe><\/p>\n<\/div>\n\t<div id=\"gap-177442228\" class=\"gap-element clearfix\" style=\"display:block; height:auto;\">\n\t\t\n<style>\n#gap-177442228 {\n  padding-top: 20px;\n}\n<\/style>\n\t<\/div>\n\t\n\t\t<\/div>\n\t\t\t<\/div>\n\n\t\n<\/div>\n<div class=\"row align-center\"  id=\"row-1160143868\">\n\n\t<div id=\"col-452687632\" class=\"col medium-9 small-12 large-9\"  >\n\t\t<div class=\"col-inner\"  >\n\t\t\t\n\t\t\t\n<p>Patreon \u00e9s una plataforma de patrocini directa que ens connecta directament amb els nostres seguidors i ens permet rebre el seu recolzament econ\u00f2mic per a seguir creant continguts.<\/p>\n<p>Amb la teua ajuda podrem seguir produint v\u00eddeos, missatges breus, gifs, can\u00e7ons i fins i tot videojocs per a educar i potenciar la defensa del medi ambient.<\/p>\n<p>Com a part de <strong>GREEN GENERATION<\/strong>, tindr\u00e0s acc\u00e9s a tot el que fem perqu\u00e8 ho utilitzes com vulgues.<\/p>\n\t\t<\/div>\n\t\t\t<\/div>\n\n\t\n<\/div>\n\t<div id=\"gap-1892806420\" class=\"gap-element clearfix\" style=\"display:block; height:auto;\">\n\t\t\n<style>\n#gap-1892806420 {\n  padding-top: 20px;\n}\n@media (min-width:550px) {\n  #gap-1892806420 {\n    padding-top: 40px;\n  }\n}\n<\/style>\n\t<\/div>\n\t\n<div class=\"row\"  id=\"row-1741188231\">\n\n\t<div id=\"col-401528217\" class=\"col small-12 large-12\"  >\n\t\t<div class=\"col-inner text-center\"  >\n\t\t\t\n\t\t\t\n<a rel=\"noopener noreferrer\" href=\"https:\/\/www.patreon.com\/greengeneration\" target=\"_blank\" class=\"button primary is-xlarge\"  style=\"padding:0px 80px 0px 80px;\">\n    <span>fes-te s\u00f2cia<\/span>\n  <\/a>\n\n\t\t<\/div>\n\t\t\t<\/div>\n\n\t\n<\/div>\n<div class=\"row align-center\"  id=\"row-2092143354\">\n\n\t<div id=\"col-1202165136\" class=\"col medium-9 small-12 large-9\"  >\n\t\t<div class=\"col-inner\"  >\n\t\t\t\n\t\t\t\n<p style=\"text-align: center\">Ajuda\u2019ns a crear continguts per defensar la natura.<br \/>\nVine a formar part de\u00a0<strong>GREEN GENERATION<\/strong>.<\/p>\n\t\t<\/div>\n\t\t\t<\/div>\n\n\t\n<\/div>\n\t<div id=\"gap-1406877319\" class=\"gap-element clearfix\" style=\"display:block; height:auto;\">\n\t\t\n<style>\n#gap-1406877319 {\n  padding-top: 15px;\n}\n@media (min-width:550px) {\n  #gap-1406877319 {\n    padding-top: 30px;\n  }\n}\n<\/style>\n\t<\/div>\n\t\n\t<section class=\"section dark\" id=\"section_343804373\">\n\t\t<div class=\"bg section-bg fill bg-fill  bg-loaded\" >\n\n\t\t\t\n\t\t\t\n\t\t\t\n\n\t\t<\/div>\n\n\t\t<div class=\"section-content relative\">\n\t\t\t\r\n\r\n<div class=\"row row-large row-full-width align-bottom\"  id=\"row-971496590\">\r\n\r\n\n\t<div id=\"col-1505150794\" class=\"col hide-for-small medium-12 small-12 large-8\"  >\n\t\t<div class=\"col-inner text-left\"  >\n\t\t\t\n\t\t\t\r\n\r\n\t<div id=\"text-3957741018\" class=\"text\">\n\t\t\r\n\r\n<p><a href=\"\/ca\/contacte\/#newsletter\"><span style=\"font-size: 90%;padding-right: 50px\">Newsletter<\/span><\/a><a href=\"\/es\/aviso-legal\"><span style=\"font-size: 90%;padding-right: 50px\">Av\u00eds legal<\/span><\/a><a href=\"\/es\/politica-de-privacidad\"><span style=\"font-size: 90%;padding-right: 50px\">Pol\u00edtica de privacitat<\/span><\/a><a href=\"\/es\/politica-de-cookies\"><span style=\"font-size: 90%;padding-right: 50px\">Pol\u00edtica de cookies<\/span><\/a><\/p>\r\n\t\t\n<style>\n#text-3957741018 {\n  text-align: left;\n}\n<\/style>\n\t<\/div>\n\t\r\n\r\n\t\t<\/div>\n\t\t\n<style>\n#col-1505150794 > .col-inner {\n  margin: 0px 0px -15px 0px;\n}\n<\/style>\n\t<\/div>\n\n\t\r\n\n\t<div id=\"col-1501356646\" class=\"col show-for-small medium-12 small-12 large-8\"  >\n\t\t<div class=\"col-inner text-center\"  >\n\t\t\t\n\t\t\t\r\n\r\n\t<div id=\"text-240365727\" class=\"text\">\n\t\t\r\n\r\n<p><a href=\"\/es\/politica-de-privacidad\"><span style=\"font-size: 90%;padding-right: 30px\">Privacitat<\/span><\/a><a href=\"\/es\/politica-de-cookies\"><span style=\"font-size: 90%;padding-right: 30px\">Cookies<\/span><\/a><a href=\"\/contacte\/#newsletter\"><span style=\"font-size: 90%;padding-right: 30px\">Newsletter<\/span><\/a><a href=\"\/es\/aviso-legal\"><span style=\"font-size: 90%;padding-right: 30px\">Av\u00eds legal<\/span><\/a><\/p>\r\n\t\t\n<style>\n#text-240365727 {\n  font-size: 0.85rem;\n  text-align: center;\n}\n@media (min-width:550px) {\n  #text-240365727 {\n    text-align: left;\n  }\n}\n<\/style>\n\t<\/div>\n\t\r\n\r\n\t\t<\/div>\n\t\t\n<style>\n#col-1501356646 > .col-inner {\n  margin: 0px 0px -15px 0;\n}\n@media (min-width:550px) {\n  #col-1501356646 > .col-inner {\n    margin: 0px 0px -15px 0px;\n  }\n}\n<\/style>\n\t<\/div>\n\n\t\r\n\n\t<div id=\"col-1039132399\" class=\"col medium-6 small-12 large-4 medium-col-first\"  >\n\t\t<div class=\"col-inner text-center\"  >\n\t\t\t\n\t\t\t\r\n\r\n<div class=\"social-icons follow-icons\" style=\"font-size:110%\"><a href=\"https:\/\/www.facebook.com\/greengenerationes\" target=\"_blank\" data-label=\"Facebook\"  rel=\"noopener noreferrer nofollow\" class=\"icon plain facebook tooltip\" title=\"Seguiu-nos a Facebook\"><i class=\"icon-facebook\" ><\/i><\/a><a href=\"https:\/\/www.instagram.com\/greengeneration.cat\/\" target=\"_blank\" rel=\"noopener noreferrer nofollow\" data-label=\"Instagram\" class=\"icon plain  instagram tooltip\" title=\"Seguiu-nos a Instagram\"><i class=\"icon-instagram\" ><\/i><\/a><a href=\"mailto:info@greengeneration.es\" data-label=\"E-mail\"  rel=\"nofollow\" class=\"icon plain  email tooltip\" title=\"Envia'ns un email\"><i class=\"icon-envelop\" ><\/i><\/a><a href=\"https:\/\/www.pinterest.es\/green_generation\/\" target=\"_blank\" rel=\"noopener noreferrer nofollow\"  data-label=\"Pinterest\"  class=\"icon plain  pinterest tooltip\" title=\"Seguiu-nos a Pinterest\"><i class=\"icon-pinterest\" ><\/i><\/a><a href=\"https:\/\/www.youtube.com\/channel\/UCmfG_A2bsovDDlzbCYKy-jA\" target=\"_blank\" rel=\"noopener noreferrer nofollow\" data-label=\"YouTube\" class=\"icon plain  youtube tooltip\" title=\"Seguiu-nos a Youtube\"><i class=\"icon-youtube\" ><\/i><\/a><\/div>\r\n\r\n\r\n\t\t<\/div>\n\t\t\n<style>\n#col-1039132399 > .col-inner {\n  padding: 0px 0px 0px 0px;\n  margin: 20px 0px 0px -10px;\n}\n@media (min-width:550px) {\n  #col-1039132399 > .col-inner {\n    padding: 0px 0px 0px 0px;\n    margin: 20px 0px 0px 0px;\n  }\n}\n<\/style>\n\t<\/div>\n\n\t\r\n\r\n\n<style>\n#row-971496590 > .col > .col-inner {\n  padding: 0px 0px 0px 0px;\n}\n<\/style>\n<\/div>\r\n\r\n\t\t<\/div>\n\n\t\t\n<style>\n#section_343804373 {\n  padding-top: 0px;\n  padding-bottom: 0px;\n  background-color: #414b19;\n}\n<\/style>\n\t<\/section>\n\t\n","protected":false},"excerpt":{"rendered":"","protected":false},"author":1,"featured_media":535,"parent":0,"menu_order":0,"comment_status":"closed","ping_status":"closed","template":"page-blank.php","meta":{"footnotes":""},"class_list":["post-572","page","type-page","status-publish","has-post-thumbnail","hentry"],"yoast_head":"<!-- This site is optimized with the Yoast SEO plugin v27.2 - https:\/\/yoast.com\/product\/yoast-seo-wordpress\/ -->\n<title>Patreon - Green Generation<\/title>\n<meta name=\"robots\" content=\"index, follow, max-snippet:-1, max-image-preview:large, max-video-preview:-1\" \/>\n<link rel=\"canonical\" href=\"https:\/\/greengeneration.es\/ca\/patreon\/\" \/>\n<meta property=\"og:locale\" content=\"ca_ES\" \/>\n<meta property=\"og:type\" content=\"article\" \/>\n<meta property=\"og:title\" content=\"Patreon - Green Generation\" \/>\n<meta property=\"og:url\" content=\"https:\/\/greengeneration.es\/patreon\/\" \/>\n<meta property=\"og:site_name\" content=\"Green Generation\" \/>\n<meta property=\"article:modified_time\" content=\"2021-05-05T16:26:29+00:00\" \/>\n<meta property=\"og:image\" content=\"https:\/\/greengeneration.es\/wp-content\/uploads\/2016\/08\/dummy-2.jpg\" \/>\n\t<meta property=\"og:image:width\" content=\"1000\" \/>\n\t<meta property=\"og:image:height\" content=\"650\" \/>\n\t<meta property=\"og:image:type\" content=\"image\/jpeg\" \/>\n<meta name=\"twitter:card\" content=\"summary_large_image\" \/>\n<meta name=\"twitter:label1\" content=\"Temps estimat de lectura\" \/>\n\t<meta name=\"twitter:data1\" content=\"2 minuts\" \/>\n<script type=\"application\/ld+json\" class=\"yoast-schema-graph\">{\"@context\":\"https:\/\/schema.org\",\"@graph\":[{\"@type\":\"WebPage\",\"@id\":\"https:\/\/greengeneration.es\/patreon\/\",\"url\":\"https:\/\/greengeneration.es\/patreon\/\",\"name\":\"Patreon - Green Generation\",\"isPartOf\":{\"@id\":\"https:\/\/greengeneration.es\/#website\"},\"primaryImageOfPage\":{\"@id\":\"https:\/\/greengeneration.es\/patreon\/#primaryimage\"},\"image\":{\"@id\":\"https:\/\/greengeneration.es\/patreon\/#primaryimage\"},\"thumbnailUrl\":\"https:\/\/greengeneration.es\/wp-content\/uploads\/2016\/08\/dummy-2.jpg\",\"datePublished\":\"2021-04-19T17:30:41+00:00\",\"dateModified\":\"2021-05-05T16:26:29+00:00\",\"breadcrumb\":{\"@id\":\"https:\/\/greengeneration.es\/patreon\/#breadcrumb\"},\"inLanguage\":\"ca\",\"potentialAction\":[{\"@type\":\"ReadAction\",\"target\":[\"https:\/\/greengeneration.es\/patreon\/\"]}]},{\"@type\":\"ImageObject\",\"inLanguage\":\"ca\",\"@id\":\"https:\/\/greengeneration.es\/patreon\/#primaryimage\",\"url\":\"https:\/\/greengeneration.es\/wp-content\/uploads\/2016\/08\/dummy-2.jpg\",\"contentUrl\":\"https:\/\/greengeneration.es\/wp-content\/uploads\/2016\/08\/dummy-2.jpg\",\"width\":1000,\"height\":650},{\"@type\":\"BreadcrumbList\",\"@id\":\"https:\/\/greengeneration.es\/patreon\/#breadcrumb\",\"itemListElement\":[{\"@type\":\"ListItem\",\"position\":1,\"name\":\"Home\",\"item\":\"https:\/\/greengeneration.es\/ca\/\"},{\"@type\":\"ListItem\",\"position\":2,\"name\":\"Patreon\"}]},{\"@type\":\"WebSite\",\"@id\":\"https:\/\/greengeneration.es\/#website\",\"url\":\"https:\/\/greengeneration.es\/\",\"name\":\"Green Generation\",\"description\":\"\u00a1Ap\u00f3yanos!\",\"potentialAction\":[{\"@type\":\"SearchAction\",\"target\":{\"@type\":\"EntryPoint\",\"urlTemplate\":\"https:\/\/greengeneration.es\/?s={search_term_string}\"},\"query-input\":{\"@type\":\"PropertyValueSpecification\",\"valueRequired\":true,\"valueName\":\"search_term_string\"}}],\"inLanguage\":\"ca\"}]}<\/script>\n<!-- \/ Yoast SEO plugin. -->","yoast_head_json":{"title":"Patreon - Green Generation","robots":{"index":"index","follow":"follow","max-snippet":"max-snippet:-1","max-image-preview":"max-image-preview:large","max-video-preview":"max-video-preview:-1"},"canonical":"https:\/\/greengeneration.es\/ca\/patreon\/","og_locale":"ca_ES","og_type":"article","og_title":"Patreon - Green Generation","og_url":"https:\/\/greengeneration.es\/patreon\/","og_site_name":"Green Generation","article_modified_time":"2021-05-05T16:26:29+00:00","og_image":[{"width":1000,"height":650,"url":"https:\/\/greengeneration.es\/wp-content\/uploads\/2016\/08\/dummy-2.jpg","type":"image\/jpeg"}],"twitter_card":"summary_large_image","twitter_misc":{"Temps estimat de lectura":"2 minuts"},"schema":{"@context":"https:\/\/schema.org","@graph":[{"@type":"WebPage","@id":"https:\/\/greengeneration.es\/patreon\/","url":"https:\/\/greengeneration.es\/patreon\/","name":"Patreon - Green Generation","isPartOf":{"@id":"https:\/\/greengeneration.es\/#website"},"primaryImageOfPage":{"@id":"https:\/\/greengeneration.es\/patreon\/#primaryimage"},"image":{"@id":"https:\/\/greengeneration.es\/patreon\/#primaryimage"},"thumbnailUrl":"https:\/\/greengeneration.es\/wp-content\/uploads\/2016\/08\/dummy-2.jpg","datePublished":"2021-04-19T17:30:41+00:00","dateModified":"2021-05-05T16:26:29+00:00","breadcrumb":{"@id":"https:\/\/greengeneration.es\/patreon\/#breadcrumb"},"inLanguage":"ca","potentialAction":[{"@type":"ReadAction","target":["https:\/\/greengeneration.es\/patreon\/"]}]},{"@type":"ImageObject","inLanguage":"ca","@id":"https:\/\/greengeneration.es\/patreon\/#primaryimage","url":"https:\/\/greengeneration.es\/wp-content\/uploads\/2016\/08\/dummy-2.jpg","contentUrl":"https:\/\/greengeneration.es\/wp-content\/uploads\/2016\/08\/dummy-2.jpg","width":1000,"height":650},{"@type":"BreadcrumbList","@id":"https:\/\/greengeneration.es\/patreon\/#breadcrumb","itemListElement":[{"@type":"ListItem","position":1,"name":"Home","item":"https:\/\/greengeneration.es\/ca\/"},{"@type":"ListItem","position":2,"name":"Patreon"}]},{"@type":"WebSite","@id":"https:\/\/greengeneration.es\/#website","url":"https:\/\/greengeneration.es\/","name":"Green Generation","description":"\u00a1Ap\u00f3yanos!","potentialAction":[{"@type":"SearchAction","target":{"@type":"EntryPoint","urlTemplate":"https:\/\/greengeneration.es\/?s={search_term_string}"},"query-input":{"@type":"PropertyValueSpecification","valueRequired":true,"valueName":"search_term_string"}}],"inLanguage":"ca"}]}},"_links":{"self":[{"href":"https:\/\/greengeneration.es\/ca\/wp-json\/wp\/v2\/pages\/572\/"}],"collection":[{"href":"https:\/\/greengeneration.es\/ca\/wp-json\/wp\/v2\/pages\/"}],"about":[{"href":"https:\/\/greengeneration.es\/ca\/wp-json\/wp\/v2\/types\/page\/"}],"author":[{"embeddable":true,"href":"https:\/\/greengeneration.es\/ca\/wp-json\/wp\/v2\/users\/1\/"}],"replies":[{"embeddable":true,"href":"https:\/\/greengeneration.es\/ca\/wp-json\/wp\/v2\/comments\/?post=572"}],"version-history":[{"count":12,"href":"https:\/\/greengeneration.es\/ca\/wp-json\/wp\/v2\/pages\/572\/revisions\/"}],"predecessor-version":[{"id":1013,"href":"https:\/\/greengeneration.es\/ca\/wp-json\/wp\/v2\/pages\/572\/revisions\/1013\/"}],"wp:featuredmedia":[{"embeddable":true,"href":"https:\/\/greengeneration.es\/ca\/wp-json\/wp\/v2\/media\/535\/"}],"wp:attachment":[{"href":"https:\/\/greengeneration.es\/ca\/wp-json\/wp\/v2\/media\/?parent=572"}],"curies":[{"name":"wp","href":"https:\/\/api.w.org\/{rel}","templated":true}]}}