{"id":579,"date":"2021-04-19T17:40:24","date_gmt":"2021-04-19T17:40:24","guid":{"rendered":"https:\/\/greengeneration.es\/?page_id=579"},"modified":"2021-05-23T14:34:23","modified_gmt":"2021-05-23T14:34:23","slug":"blog","status":"publish","type":"page","link":"https:\/\/greengeneration.es\/ca\/blog\/","title":{"rendered":"Blog"},"content":{"rendered":"\n  <div class=\"banner has-hover has-video\" id=\"banner-962462350\">\n          <div class=\"banner-inner fill\">\n        <div class=\"banner-bg fill\" >\n            <div class=\"bg fill bg-fill \"><\/div>\n            \t<div class=\"video-overlay no-click fill visible\"><\/div>\n\t<video class=\"video-bg fill visible\" preload playsinline autoplay\n\t\tmuted\t\tloop>\n\t\t<source src=\"https:\/\/greengeneration.es\/wp-content\/uploads\/2021\/05\/plano-web_submarino_blog.mp4\" type=\"video\/mp4\">\t<\/video>\n                        \n                    <\/div>\n        <div class=\"banner-layers container\">\n            <div class=\"fill banner-link\"><\/div>            \n        <\/div>\n      <\/div>\n\n            \n<style>\n#banner-962462350 {\n  padding-top: 56.25%;\n}\n@media (min-width:550px) {\n  #banner-962462350 {\n    padding-top: 32%;\n  }\n}\n<\/style>\n  <\/div>\n\n\n\t<div id=\"gap-810736826\" class=\"gap-element clearfix\" style=\"display:block; height:auto;\">\n\t\t\n<style>\n#gap-810736826 {\n  padding-top: 40px;\n}\n@media (min-width:550px) {\n  #gap-810736826 {\n    padding-top: 90px;\n  }\n}\n<\/style>\n\t<\/div>\n\t\n\t<section class=\"section\" id=\"section_588679591\">\n\t\t<div class=\"bg section-bg fill bg-fill  bg-loaded\" >\n\n\t\t\t\n\t\t\t\n\t\t\t\n\n\t\t<\/div>\n\n\t\t<div class=\"section-content relative\">\n\t\t\t\n<div class=\"row row-large align-middle\"  id=\"row-43960809\">\n\n\t<div id=\"col-1391638385\" class=\"col medium-6 small-12 large-6\"  >\n\t\t<div class=\"col-inner\"  >\n\t\t\t\n\t\t\t\n\t<div class=\"img has-hover x md-x lg-x y md-y lg-y\" id=\"image_2065644260\">\n\t\t\t\t\t\t\t\t<div class=\"img-inner dark\" >\n\t\t\t<img loading=\"lazy\" decoding=\"async\" width=\"352\" height=\"212\" src=\"https:\/\/greengeneration.es\/wp-content\/uploads\/2021\/05\/PC_BLOG.png\" class=\"attachment-original size-original\" alt=\"\" \/>\t\t\t\t\t\t\n\t\t\t\t\t<\/div>\n\t\t\t\t\t\t\t\t\n<style>\n#image_2065644260 {\n  width: 100%;\n}\n<\/style>\n\t<\/div>\n\t\n\t\t<\/div>\n\t\t\t<\/div>\n\n\t\n\n\t<div id=\"col-1001821467\" class=\"col medium-6 small-12 large-6\"  >\n\t\t<div class=\"col-inner\"  >\n\t\t\t\n\t\t\t\n\t<div id=\"text-1911324953\" class=\"text\">\n\t\t\n<h3>BLOG<\/h3>\n\t\t\n<style>\n#text-1911324953 {\n  font-size: 1.5rem;\n}\n<\/style>\n\t<\/div>\n\t\n\t<div id=\"gap-2003071575\" class=\"gap-element clearfix\" style=\"display:block; height:auto;\">\n\t\t\n<style>\n#gap-2003071575 {\n  padding-top: 0px;\n}\n<\/style>\n\t<\/div>\n\t\n<p>Benvinguts al Blog de <strong>GREEN GENERATION.<\/strong><\/p>\n<p>Cada mes tractarem una tem\u00e0tica diferent relacionada amb el cap\u00edtol que posarem a la vostra disposici\u00f3. Cada cap\u00edtol explica un concepte relacionat amb la defensa del medi ambient, aix\u00ed que, amb cada Blog us facilitarem la informaci\u00f3 i els enlla\u00e7os m\u00e9s interessants per a entendre-ho millor.<\/p>\n<p>Esperem tamb\u00e9 els vostres comentaris i suggeriments.<\/p>\n\t\t<\/div>\n\t\t\t<\/div>\n\n\t\n<\/div>\n\t\t<\/div>\n\n\t\t\n<style>\n#section_588679591 {\n  padding-top: 0px;\n  padding-bottom: 0px;\n}\n<\/style>\n\t<\/section>\n\t\n\t<div id=\"gap-958874830\" class=\"gap-element clearfix\" style=\"display:block; height:auto;\">\n\t\t\n<style>\n#gap-958874830 {\n  padding-top: 90px;\n}\n<\/style>\n\t<\/div>\n\t\n<div class=\"row row-large\"  id=\"row-2079587408\">\n\n\t<div id=\"col-1442705855\" class=\"col medium-6 small-12 large-6\"  >\n\t\t<div class=\"col-inner\"  >\n\t\t\t\n\t\t\t\n\t<div id=\"text-2263013263\" class=\"text\">\n\t\t\n<h3>CONTINGUT GENERAL<\/h3>\n\t\t\n<style>\n#text-2263013263 {\n  color: rgb(0, 0, 0);\n}\n#text-2263013263 > * {\n  color: rgb(0, 0, 0);\n}\n<\/style>\n\t<\/div>\n\t\n\t\t<\/div>\n\t\t\t<\/div>\n\n\t\n\n\t<div id=\"col-1044206922\" class=\"col medium-6 small-12 large-6\"  >\n\t\t<div class=\"col-inner\"  >\n\t\t\t\n\t\t\t\n<div class=\"row\"  id=\"row-1006088697\">\n\n\t<div id=\"col-631434771\" class=\"col medium-7 small-9 large-7\"  >\n\t\t<div class=\"col-inner\"  >\n\t\t\t\n\t\t\t\n\t<div id=\"text-2404090334\" class=\"text\">\n\t\t\n<h3 style=\"padding-right:10px\">CONTINGUT EXCLUSIU PATREON<\/h3>\n\t\t\n<style>\n#text-2404090334 {\n  color: rgb(0, 0, 0);\n}\n#text-2404090334 > * {\n  color: rgb(0, 0, 0);\n}\n<\/style>\n\t<\/div>\n\t\n\t\t<\/div>\n\t\t\n<style>\n#col-631434771 > .col-inner {\n  margin: 0px 0px -30px 0px;\n}\n<\/style>\n\t<\/div>\n\n\t\n\n\t<div id=\"col-2110261229\" class=\"col medium-3 small-3 large-3\"  >\n\t\t<div class=\"col-inner\"  >\n\t\t\t\n\t\t\t\n\t<div class=\"img has-hover x md-x lg-x y md-y lg-y\" id=\"image_603519704\">\n\t\t\t\t\t\t\t\t<div class=\"img-inner dark\" >\n\t\t\t<img loading=\"lazy\" decoding=\"async\" width=\"320\" height=\"320\" src=\"https:\/\/greengeneration.es\/wp-content\/uploads\/2021\/04\/patreon-1.png\" class=\"attachment-large size-large\" alt=\"\" srcset=\"https:\/\/greengeneration.es\/wp-content\/uploads\/2021\/04\/patreon-1.png 320w, https:\/\/greengeneration.es\/wp-content\/uploads\/2021\/04\/patreon-1-280x280.png 280w\" sizes=\"auto, (max-width: 320px) 100vw, 320px\" \/>\t\t\t\t\t\t\n\t\t\t\t\t<\/div>\n\t\t\t\t\t\t\t\t\n<style>\n#image_603519704 {\n  width: 20%;\n}\n<\/style>\n\t<\/div>\n\t\n\t\t<\/div>\n\t\t\n<style>\n#col-2110261229 > .col-inner {\n  margin: 0px 0px -30px -34px;\n}\n@media (min-width:550px) {\n  #col-2110261229 > .col-inner {\n    margin: 0px 0px -30px -45px;\n  }\n}\n<\/style>\n\t<\/div>\n\n\t\n<\/div>\n\t\t<\/div>\n\t\t\t<\/div>\n\n\t\n<\/div>\n<div class=\"row\"  id=\"row-977424783\">\n\n\t<div id=\"col-1383723452\" class=\"col medium-6 small-12 large-6\"  >\n\t\t<div class=\"col-inner\"  >\n\t\t\t\n\t\t\t\nCannot call API for app 380204239234502 on behalf of user 400805368073460\n\t\t<\/div>\n\t\t\t<\/div>\n\n\t\n\n\t<div id=\"col-247296270\" class=\"col medium-6 small-12 large-6\"  >\n\t\t<div class=\"col-inner\"  >\n\t\t\t\n\t\t\t\n\n  \n    <div class=\"row large-columns-1 medium-columns- small-columns-1 row-small\">\n  \t\t<div class=\"col post-item\" >\n\t\t\t<div class=\"col-inner\">\n\t\t\t<a href=\"https:\/\/greengeneration.es\/ca\/green-generation-reciclatge\/\" class=\"plain\">\n\t\t\t\t<div class=\"box box-vertical box-text-bottom box-blog-post has-hover\">\n            \t\t\t\t\t<div class=\"box-image\" style=\"width:50%;\">\n  \t\t\t\t\t\t<div class=\"image-cover\" style=\"padding-top:57%;\">\n  \t\t\t\t\t\t\t<img loading=\"lazy\" decoding=\"async\" width=\"711\" height=\"400\" src=\"https:\/\/greengeneration.es\/wp-content\/uploads\/2021\/05\/recclatge-711x400.jpg\" class=\"attachment-medium size-medium wp-post-image\" alt=\"Caratula cap\u00edtol Green Generation el reciclatge\" srcset=\"https:\/\/greengeneration.es\/wp-content\/uploads\/2021\/05\/recclatge-711x400.jpg 711w, https:\/\/greengeneration.es\/wp-content\/uploads\/2021\/05\/recclatge-768x432.jpg 768w, https:\/\/greengeneration.es\/wp-content\/uploads\/2021\/05\/recclatge.jpg 1280w\" sizes=\"auto, (max-width: 711px) 100vw, 711px\" \/>  \t\t\t\t\t\t\t  \t\t\t\t\t\t\t  \t\t\t\t\t\t<\/div>\n  \t\t\t\t\t\t  \t\t\t\t\t<\/div>\n          \t\t\t\t\t<div class=\"box-text text-left\" >\n\t\t\t\t\t<div class=\"box-text-inner blog-post-inner\">\n\n\t\t\t\t\t\n\t\t\t\t\t\t\t\t\t\t\t<p class=\"cat-label tag-label is-xxsmall op-7 uppercase\">\n\t\t\t\t\tExclusiu de Patreon \t\t\t\t\t<\/p>\n\t\t\t\t\t\t\t\t\t\t<h5 class=\"post-title is-large \">Green Generation &#8211; Reciclatge<\/h5>\n\t\t\t\t\t\t\t\t\t\t<div class=\"is-divider\"><\/div>\n\t\t\t\t\t\t\t\t\t\t<p class=\"from_the_blog_excerpt \">El cap\u00edtol de juny \u00e9s Reciclatge, una pr\u00e0ctica excel\u00b7lent [...]\t\t\t\t\t<\/p>\n\t\t\t\t\t                    \n\t\t\t\t\t\t\t\t\t\t\t<button href=\"https:\/\/greengeneration.es\/ca\/green-generation-reciclatge\/\" class=\"button primary is-link is-small mb-0\">\n\t\t\t\t\t\t\tLlegir m\u00e9s\t\t\t\t\t\t<\/button>\n\t\t\t\t\t\n\t\t\t\t\t\n\t\t\t\t\t<\/div>\n\t\t\t\t\t<\/div>\n\t\t\t\t\t\t\t\t\t\t\t\t\t\t\t\t<div class=\"badge absolute top post-date badge-outline\">\n\t\t\t\t\t\t\t<div class=\"badge-inner\">\n\t\t\t\t\t\t\t\t<span class=\"post-date-day\">23<\/span><br>\n\t\t\t\t\t\t\t\t<span class=\"post-date-month is-xsmall\">maig<\/span>\n\t\t\t\t\t\t\t<\/div>\n\t\t\t\t\t\t<\/div>\n\t\t\t\t\t\t\t\t\t<\/div>\n\t\t\t\t<\/a>\n\t\t\t<\/div>\n\t\t<\/div>\n\t\t<div class=\"col post-item has-post-icon\" >\n\t\t\t<div class=\"col-inner\">\n\t\t\t<a href=\"https:\/\/greengeneration.es\/ca\/green-generation-zoonosis\/\" class=\"plain\">\n\t\t\t\t<div class=\"box box-vertical box-text-bottom box-blog-post has-hover\">\n            \t\t\t\t\t<div class=\"box-image\" style=\"width:50%;\">\n  \t\t\t\t\t\t<div class=\"image-cover\" style=\"padding-top:57%;\">\n  \t\t\t\t\t\t\t<img loading=\"lazy\" decoding=\"async\" width=\"711\" height=\"400\" src=\"https:\/\/greengeneration.es\/wp-content\/uploads\/2021\/05\/11-ZOONOSI_BLOG-711x400.jpg\" class=\"attachment-medium size-medium wp-post-image\" alt=\"Green, generation, crisis clim\u00e1tica, cambio clim\u00e1tico, para ni\u00f1os, medio ambiente, videos, ciencia\" srcset=\"https:\/\/greengeneration.es\/wp-content\/uploads\/2021\/05\/11-ZOONOSI_BLOG-711x400.jpg 711w, https:\/\/greengeneration.es\/wp-content\/uploads\/2021\/05\/11-ZOONOSI_BLOG-768x432.jpg 768w, https:\/\/greengeneration.es\/wp-content\/uploads\/2021\/05\/11-ZOONOSI_BLOG.jpg 1280w\" sizes=\"auto, (max-width: 711px) 100vw, 711px\" \/>  \t\t\t\t\t\t\t  \t\t\t\t\t\t\t  \t\t\t\t\t\t<\/div>\n  \t\t\t\t\t\t  \t\t\t\t\t\t\t<div class=\"absolute no-click x50 y50 md-x50 md-y50 lg-x50 lg-y50\">\n  \t\t\t\t            \t<div class=\"overlay-icon\">\n  \t\t\t\t                    <i class=\"icon-play\"><\/i>\n  \t\t\t\t                <\/div>\n  \t\t\t\t            <\/div>\n  \t\t\t\t\t\t  \t\t\t\t\t<\/div>\n          \t\t\t\t\t<div class=\"box-text text-left\" >\n\t\t\t\t\t<div class=\"box-text-inner blog-post-inner\">\n\n\t\t\t\t\t\n\t\t\t\t\t\t\t\t\t\t\t<p class=\"cat-label tag-label is-xxsmall op-7 uppercase\">\n\t\t\t\t\tContingut en obert \t\t\t\t\t<\/p>\n\t\t\t\t\t\t\t\t\t\t<h5 class=\"post-title is-large \">Green Generation &#8211; Zoonosi<\/h5>\n\t\t\t\t\t\t\t\t\t\t<div class=\"is-divider\"><\/div>\n\t\t\t\t\t\t\t\t\t\t<p class=\"from_the_blog_excerpt \">Green Generation &#8211; Zoonosi El cap\u00edtol de maig \u00e9s [...]\t\t\t\t\t<\/p>\n\t\t\t\t\t                    \n\t\t\t\t\t\t\t\t\t\t\t<button href=\"https:\/\/greengeneration.es\/ca\/green-generation-zoonosis\/\" class=\"button primary is-link is-small mb-0\">\n\t\t\t\t\t\t\tLlegir m\u00e9s\t\t\t\t\t\t<\/button>\n\t\t\t\t\t\n\t\t\t\t\t\n\t\t\t\t\t<\/div>\n\t\t\t\t\t<\/div>\n\t\t\t\t\t\t\t\t\t\t\t\t\t\t\t\t<div class=\"badge absolute top post-date badge-outline\">\n\t\t\t\t\t\t\t<div class=\"badge-inner\">\n\t\t\t\t\t\t\t\t<span class=\"post-date-day\">02<\/span><br>\n\t\t\t\t\t\t\t\t<span class=\"post-date-month is-xsmall\">maig<\/span>\n\t\t\t\t\t\t\t<\/div>\n\t\t\t\t\t\t<\/div>\n\t\t\t\t\t\t\t\t\t<\/div>\n\t\t\t\t<\/a>\n\t\t\t<\/div>\n\t\t<\/div>\n\t\t<div class=\"col post-item\" >\n\t\t\t<div class=\"col-inner\">\n\t\t\t<a href=\"https:\/\/greengeneration.es\/ca\/tots-els-dies-son-el-dia-de-la-terra-la-crisi-climatica\/\" class=\"plain\">\n\t\t\t\t<div class=\"box box-vertical box-text-bottom box-blog-post has-hover\">\n            \t\t\t\t\t<div class=\"box-image\" style=\"width:50%;\">\n  \t\t\t\t\t\t<div class=\"image-cover\" style=\"padding-top:57%;\">\n  \t\t\t\t\t\t\t<img loading=\"lazy\" decoding=\"async\" width=\"711\" height=\"400\" src=\"https:\/\/greengeneration.es\/wp-content\/uploads\/2021\/05\/12-CRISIS-CLIMATICA_BLOG-1-711x400.jpg\" class=\"attachment-medium size-medium wp-post-image\" alt=\"Green, generation, crisis clim\u00e1tica, cambio clim\u00e1tico, para ni\u00f1os, medio ambiente, videos, ciencia\" srcset=\"https:\/\/greengeneration.es\/wp-content\/uploads\/2021\/05\/12-CRISIS-CLIMATICA_BLOG-1-711x400.jpg 711w, https:\/\/greengeneration.es\/wp-content\/uploads\/2021\/05\/12-CRISIS-CLIMATICA_BLOG-1-768x432.jpg 768w, https:\/\/greengeneration.es\/wp-content\/uploads\/2021\/05\/12-CRISIS-CLIMATICA_BLOG-1.jpg 1280w\" sizes=\"auto, (max-width: 711px) 100vw, 711px\" \/>  \t\t\t\t\t\t\t  \t\t\t\t\t\t\t  \t\t\t\t\t\t<\/div>\n  \t\t\t\t\t\t  \t\t\t\t\t<\/div>\n          \t\t\t\t\t<div class=\"box-text text-left\" >\n\t\t\t\t\t<div class=\"box-text-inner blog-post-inner\">\n\n\t\t\t\t\t\n\t\t\t\t\t\t\t\t\t\t\t<p class=\"cat-label tag-label is-xxsmall op-7 uppercase\">\n\t\t\t\t\tContingut en obert \t\t\t\t\t<\/p>\n\t\t\t\t\t\t\t\t\t\t<h5 class=\"post-title is-large \">Green Generation &#8211; Crisi Clim\u00e0tica<\/h5>\n\t\t\t\t\t\t\t\t\t\t<div class=\"is-divider\"><\/div>\n\t\t\t\t\t\t\t\t\t\t<p class=\"from_the_blog_excerpt \">Tots els habitants de la Terra estem vivint una [...]\t\t\t\t\t<\/p>\n\t\t\t\t\t                    \n\t\t\t\t\t\t\t\t\t\t\t<button href=\"https:\/\/greengeneration.es\/ca\/tots-els-dies-son-el-dia-de-la-terra-la-crisi-climatica\/\" class=\"button primary is-link is-small mb-0\">\n\t\t\t\t\t\t\tLlegir m\u00e9s\t\t\t\t\t\t<\/button>\n\t\t\t\t\t\n\t\t\t\t\t\n\t\t\t\t\t<\/div>\n\t\t\t\t\t<\/div>\n\t\t\t\t\t\t\t\t\t\t\t\t\t\t\t\t<div class=\"badge absolute top post-date badge-outline\">\n\t\t\t\t\t\t\t<div class=\"badge-inner\">\n\t\t\t\t\t\t\t\t<span class=\"post-date-day\">22<\/span><br>\n\t\t\t\t\t\t\t\t<span class=\"post-date-month is-xsmall\">abr.<\/span>\n\t\t\t\t\t\t\t<\/div>\n\t\t\t\t\t\t<\/div>\n\t\t\t\t\t\t\t\t\t<\/div>\n\t\t\t\t<\/a>\n\t\t\t<\/div>\n\t\t<\/div>\n<\/div>\n<a href=\"https:\/\/greengeneration.es\/ca\/tots-els-articles\/\" target=\"_self\" class=\"button primary is-link\"  >\n    <span>Veure tots<\/span>\n  <i class=\"icon-angle-right\" ><\/i><\/a>\n\n\t\t<\/div>\n\t\t\n<style>\n#col-247296270 > .col-inner {\n  margin: -27px 0px 0px 0px;\n}\n<\/style>\n\t<\/div>\n\n\t\n<\/div>\n\t<div id=\"gap-262139931\" class=\"gap-element clearfix\" style=\"display:block; height:auto;\">\n\t\t\n<style>\n#gap-262139931 {\n  padding-top: 15px;\n}\n@media (min-width:550px) {\n  #gap-262139931 {\n    padding-top: 40px;\n  }\n}\n<\/style>\n\t<\/div>\n\t\n<div class=\"row\"  id=\"row-1574526590\">\n\n\t<div id=\"col-150018865\" class=\"col small-12 large-12\"  >\n\t\t<div class=\"col-inner text-center\"  >\n\t\t\t\n\t\t\t\n<a rel=\"noopener noreferrer\" href=\"https:\/\/www.patreon.com\/greengeneration\" target=\"_blank\" class=\"button primary is-xlarge\"  style=\"padding:0px 80px 0px 80px;\">\n    <span>D\u00d3NA'NS SUPORT<\/span>\n  <\/a>\n\n\t\t<\/div>\n\t\t\t<\/div>\n\n\t\n<\/div>\n\t<div id=\"gap-861952233\" class=\"gap-element clearfix\" style=\"display:block; height:auto;\">\n\t\t\n<style>\n#gap-861952233 {\n  padding-top: 0px;\n}\n@media (min-width:550px) {\n  #gap-861952233 {\n    padding-top: 30px;\n  }\n}\n<\/style>\n\t<\/div>\n\t\n\t<section class=\"section dark\" id=\"section_1974864705\">\n\t\t<div class=\"bg section-bg fill bg-fill  bg-loaded\" >\n\n\t\t\t\n\t\t\t\n\t\t\t\n\n\t\t<\/div>\n\n\t\t<div class=\"section-content relative\">\n\t\t\t\r\n\r\n<div class=\"row row-large row-full-width align-bottom\"  id=\"row-1880299809\">\r\n\r\n\n\t<div id=\"col-1260008898\" class=\"col hide-for-small medium-12 small-12 large-8\"  >\n\t\t<div class=\"col-inner text-left\"  >\n\t\t\t\n\t\t\t\r\n\r\n\t<div id=\"text-859388448\" class=\"text\">\n\t\t\r\n\r\n<p><a href=\"\/ca\/contacte\/#newsletter\"><span style=\"font-size: 90%;padding-right: 50px\">Newsletter<\/span><\/a><a href=\"\/es\/aviso-legal\"><span style=\"font-size: 90%;padding-right: 50px\">Av\u00eds legal<\/span><\/a><a href=\"\/es\/politica-de-privacidad\"><span style=\"font-size: 90%;padding-right: 50px\">Pol\u00edtica de privacitat<\/span><\/a><a href=\"\/es\/politica-de-cookies\"><span style=\"font-size: 90%;padding-right: 50px\">Pol\u00edtica de cookies<\/span><\/a><\/p>\r\n\t\t\n<style>\n#text-859388448 {\n  text-align: left;\n}\n<\/style>\n\t<\/div>\n\t\r\n\r\n\t\t<\/div>\n\t\t\n<style>\n#col-1260008898 > .col-inner {\n  margin: 0px 0px -15px 0px;\n}\n<\/style>\n\t<\/div>\n\n\t\r\n\n\t<div id=\"col-678122090\" class=\"col show-for-small medium-12 small-12 large-8\"  >\n\t\t<div class=\"col-inner text-center\"  >\n\t\t\t\n\t\t\t\r\n\r\n\t<div id=\"text-3595101681\" class=\"text\">\n\t\t\r\n\r\n<p><a href=\"\/es\/politica-de-privacidad\"><span style=\"font-size: 90%;padding-right: 30px\">Privacitat<\/span><\/a><a href=\"\/es\/politica-de-cookies\"><span style=\"font-size: 90%;padding-right: 30px\">Cookies<\/span><\/a><a href=\"\/contacte\/#newsletter\"><span style=\"font-size: 90%;padding-right: 30px\">Newsletter<\/span><\/a><a href=\"\/es\/aviso-legal\"><span style=\"font-size: 90%;padding-right: 30px\">Av\u00eds legal<\/span><\/a><\/p>\r\n\t\t\n<style>\n#text-3595101681 {\n  font-size: 0.85rem;\n  text-align: center;\n}\n@media (min-width:550px) {\n  #text-3595101681 {\n    text-align: left;\n  }\n}\n<\/style>\n\t<\/div>\n\t\r\n\r\n\t\t<\/div>\n\t\t\n<style>\n#col-678122090 > .col-inner {\n  margin: 0px 0px -15px 0;\n}\n@media (min-width:550px) {\n  #col-678122090 > .col-inner {\n    margin: 0px 0px -15px 0px;\n  }\n}\n<\/style>\n\t<\/div>\n\n\t\r\n\n\t<div id=\"col-45021416\" class=\"col medium-6 small-12 large-4 medium-col-first\"  >\n\t\t<div class=\"col-inner text-center\"  >\n\t\t\t\n\t\t\t\r\n\r\n<div class=\"social-icons follow-icons\" style=\"font-size:110%\"><a href=\"https:\/\/www.facebook.com\/greengenerationes\" target=\"_blank\" data-label=\"Facebook\"  rel=\"noopener noreferrer nofollow\" class=\"icon plain facebook tooltip\" title=\"Seguiu-nos a Facebook\"><i class=\"icon-facebook\" ><\/i><\/a><a href=\"https:\/\/www.instagram.com\/greengeneration.cat\/\" target=\"_blank\" rel=\"noopener noreferrer nofollow\" data-label=\"Instagram\" class=\"icon plain  instagram tooltip\" title=\"Seguiu-nos a Instagram\"><i class=\"icon-instagram\" ><\/i><\/a><a href=\"mailto:info@greengeneration.es\" data-label=\"E-mail\"  rel=\"nofollow\" class=\"icon plain  email tooltip\" title=\"Envia'ns un email\"><i class=\"icon-envelop\" ><\/i><\/a><a href=\"https:\/\/www.pinterest.es\/green_generation\/\" target=\"_blank\" rel=\"noopener noreferrer nofollow\"  data-label=\"Pinterest\"  class=\"icon plain  pinterest tooltip\" title=\"Seguiu-nos a Pinterest\"><i class=\"icon-pinterest\" ><\/i><\/a><a href=\"https:\/\/www.youtube.com\/channel\/UCmfG_A2bsovDDlzbCYKy-jA\" target=\"_blank\" rel=\"noopener noreferrer nofollow\" data-label=\"YouTube\" class=\"icon plain  youtube tooltip\" title=\"Seguiu-nos a Youtube\"><i class=\"icon-youtube\" ><\/i><\/a><\/div>\r\n\r\n\r\n\t\t<\/div>\n\t\t\n<style>\n#col-45021416 > .col-inner {\n  padding: 0px 0px 0px 0px;\n  margin: 20px 0px 0px -10px;\n}\n@media (min-width:550px) {\n  #col-45021416 > .col-inner {\n    padding: 0px 0px 0px 0px;\n    margin: 20px 0px 0px 0px;\n  }\n}\n<\/style>\n\t<\/div>\n\n\t\r\n\r\n\n<style>\n#row-1880299809 > .col > .col-inner {\n  padding: 0px 0px 0px 0px;\n}\n<\/style>\n<\/div>\r\n\r\n\t\t<\/div>\n\n\t\t\n<style>\n#section_1974864705 {\n  padding-top: 0px;\n  padding-bottom: 0px;\n  background-color: #414b19;\n}\n<\/style>\n\t<\/section>\n\t\n","protected":false},"excerpt":{"rendered":"","protected":false},"author":1,"featured_media":0,"parent":0,"menu_order":0,"comment_status":"closed","ping_status":"closed","template":"page-blank.php","meta":{"footnotes":""},"class_list":["post-579","page","type-page","status-publish","hentry"],"yoast_head":"<!-- This site is optimized with the Yoast SEO plugin v27.2 - https:\/\/yoast.com\/product\/yoast-seo-wordpress\/ -->\n<title>Blog - Green Generation<\/title>\n<meta name=\"robots\" content=\"index, follow, max-snippet:-1, max-image-preview:large, max-video-preview:-1\" \/>\n<link rel=\"canonical\" href=\"https:\/\/greengeneration.es\/ca\/blog\/\" \/>\n<meta property=\"og:locale\" content=\"ca_ES\" \/>\n<meta property=\"og:type\" content=\"article\" \/>\n<meta property=\"og:title\" content=\"Blog - Green Generation\" \/>\n<meta property=\"og:url\" content=\"https:\/\/greengeneration.es\/ca\/blog\/\" \/>\n<meta property=\"og:site_name\" content=\"Green Generation\" \/>\n<meta property=\"article:modified_time\" content=\"2021-05-23T14:34:23+00:00\" \/>\n<meta name=\"twitter:card\" content=\"summary_large_image\" \/>\n<meta name=\"twitter:label1\" content=\"Temps estimat de lectura\" \/>\n\t<meta name=\"twitter:data1\" content=\"2 minuts\" \/>\n<script type=\"application\/ld+json\" class=\"yoast-schema-graph\">{\"@context\":\"https:\/\/schema.org\",\"@graph\":[{\"@type\":\"WebPage\",\"@id\":\"https:\/\/greengeneration.es\/ca\/blog\/\",\"url\":\"https:\/\/greengeneration.es\/ca\/blog\/\",\"name\":\"Blog - Green Generation\",\"isPartOf\":{\"@id\":\"https:\/\/greengeneration.es\/#website\"},\"datePublished\":\"2021-04-19T17:40:24+00:00\",\"dateModified\":\"2021-05-23T14:34:23+00:00\",\"breadcrumb\":{\"@id\":\"https:\/\/greengeneration.es\/ca\/blog\/#breadcrumb\"},\"inLanguage\":\"ca\",\"potentialAction\":[{\"@type\":\"ReadAction\",\"target\":[\"https:\/\/greengeneration.es\/ca\/blog\/\"]}]},{\"@type\":\"BreadcrumbList\",\"@id\":\"https:\/\/greengeneration.es\/ca\/blog\/#breadcrumb\",\"itemListElement\":[{\"@type\":\"ListItem\",\"position\":1,\"name\":\"Home\",\"item\":\"https:\/\/greengeneration.es\/ca\/\"},{\"@type\":\"ListItem\",\"position\":2,\"name\":\"Blog\"}]},{\"@type\":\"WebSite\",\"@id\":\"https:\/\/greengeneration.es\/#website\",\"url\":\"https:\/\/greengeneration.es\/\",\"name\":\"Green Generation\",\"description\":\"\u00a1Ap\u00f3yanos!\",\"potentialAction\":[{\"@type\":\"SearchAction\",\"target\":{\"@type\":\"EntryPoint\",\"urlTemplate\":\"https:\/\/greengeneration.es\/?s={search_term_string}\"},\"query-input\":{\"@type\":\"PropertyValueSpecification\",\"valueRequired\":true,\"valueName\":\"search_term_string\"}}],\"inLanguage\":\"ca\"}]}<\/script>\n<!-- \/ Yoast SEO plugin. -->","yoast_head_json":{"title":"Blog - Green Generation","robots":{"index":"index","follow":"follow","max-snippet":"max-snippet:-1","max-image-preview":"max-image-preview:large","max-video-preview":"max-video-preview:-1"},"canonical":"https:\/\/greengeneration.es\/ca\/blog\/","og_locale":"ca_ES","og_type":"article","og_title":"Blog - Green Generation","og_url":"https:\/\/greengeneration.es\/ca\/blog\/","og_site_name":"Green Generation","article_modified_time":"2021-05-23T14:34:23+00:00","twitter_card":"summary_large_image","twitter_misc":{"Temps estimat de lectura":"2 minuts"},"schema":{"@context":"https:\/\/schema.org","@graph":[{"@type":"WebPage","@id":"https:\/\/greengeneration.es\/ca\/blog\/","url":"https:\/\/greengeneration.es\/ca\/blog\/","name":"Blog - Green Generation","isPartOf":{"@id":"https:\/\/greengeneration.es\/#website"},"datePublished":"2021-04-19T17:40:24+00:00","dateModified":"2021-05-23T14:34:23+00:00","breadcrumb":{"@id":"https:\/\/greengeneration.es\/ca\/blog\/#breadcrumb"},"inLanguage":"ca","potentialAction":[{"@type":"ReadAction","target":["https:\/\/greengeneration.es\/ca\/blog\/"]}]},{"@type":"BreadcrumbList","@id":"https:\/\/greengeneration.es\/ca\/blog\/#breadcrumb","itemListElement":[{"@type":"ListItem","position":1,"name":"Home","item":"https:\/\/greengeneration.es\/ca\/"},{"@type":"ListItem","position":2,"name":"Blog"}]},{"@type":"WebSite","@id":"https:\/\/greengeneration.es\/#website","url":"https:\/\/greengeneration.es\/","name":"Green Generation","description":"\u00a1Ap\u00f3yanos!","potentialAction":[{"@type":"SearchAction","target":{"@type":"EntryPoint","urlTemplate":"https:\/\/greengeneration.es\/?s={search_term_string}"},"query-input":{"@type":"PropertyValueSpecification","valueRequired":true,"valueName":"search_term_string"}}],"inLanguage":"ca"}]}},"_links":{"self":[{"href":"https:\/\/greengeneration.es\/ca\/wp-json\/wp\/v2\/pages\/579\/"}],"collection":[{"href":"https:\/\/greengeneration.es\/ca\/wp-json\/wp\/v2\/pages\/"}],"about":[{"href":"https:\/\/greengeneration.es\/ca\/wp-json\/wp\/v2\/types\/page\/"}],"author":[{"embeddable":true,"href":"https:\/\/greengeneration.es\/ca\/wp-json\/wp\/v2\/users\/1\/"}],"replies":[{"embeddable":true,"href":"https:\/\/greengeneration.es\/ca\/wp-json\/wp\/v2\/comments\/?post=579"}],"version-history":[{"count":18,"href":"https:\/\/greengeneration.es\/ca\/wp-json\/wp\/v2\/pages\/579\/revisions\/"}],"predecessor-version":[{"id":1135,"href":"https:\/\/greengeneration.es\/ca\/wp-json\/wp\/v2\/pages\/579\/revisions\/1135\/"}],"wp:attachment":[{"href":"https:\/\/greengeneration.es\/ca\/wp-json\/wp\/v2\/media\/?parent=579"}],"curies":[{"name":"wp","href":"https:\/\/api.w.org\/{rel}","templated":true}]}}