{"id":202,"date":"2021-03-23T16:43:14","date_gmt":"2021-03-23T16:43:14","guid":{"rendered":"http:\/\/greengeneration.es\/?page_id=202"},"modified":"2021-05-05T16:24:20","modified_gmt":"2021-05-05T16:24:20","slug":"green-generation","status":"publish","type":"page","link":"https:\/\/greengeneration.es\/es\/","title":{"rendered":"Home"},"content":{"rendered":"\n  <div class=\"banner has-hover has-video\" id=\"banner-1518886485\">\n          <div class=\"banner-inner fill\">\n        <div class=\"banner-bg fill\" >\n            <div class=\"bg fill bg-fill \"><\/div>\n            \t<div class=\"video-overlay no-click fill visible\"><\/div>\n\t<video class=\"video-bg fill visible\" preload playsinline autoplay\n\t\tmuted\t\tloop>\n\t\t<source src=\"https:\/\/greengeneration.es\/wp-content\/uploads\/2021\/05\/plano_letrero-colibri_home-1.mp4\" type=\"video\/mp4\">\t<\/video>\n                        \n                    <\/div>\n        <div class=\"banner-layers container\">\n            <div class=\"fill banner-link\"><\/div>            \n        <\/div>\n      <\/div>\n\n            \n<style>\n#banner-1518886485 {\n  padding-top: 56.25%;\n}\n@media (min-width:550px) {\n  #banner-1518886485 {\n    padding-top: 32%;\n  }\n}\n<\/style>\n  <\/div>\n\n\n\t<div id=\"gap-457131046\" class=\"gap-element clearfix\" style=\"display:block; height:auto;\">\n\t\t\n<style>\n#gap-457131046 {\n  padding-top: 60px;\n}\n<\/style>\n\t<\/div>\n\t\n\t<section class=\"section\" id=\"section_1023054092\">\n\t\t<div class=\"bg section-bg fill bg-fill  bg-loaded\" >\n\n\t\t\t\n\t\t\t\n\t\t\t\n\n\t\t<\/div>\n\n\t\t<div class=\"section-content relative\">\n\t\t\t\n<div class=\"row row-large align-middle\"  id=\"row-1289849047\">\n\n\t<div id=\"col-227200306\" class=\"col medium-6 small-12 large-6\"  >\n\t\t<div class=\"col-inner\"  >\n\t\t\t\n\t\t\t\n\t<div class=\"img has-hover x md-x lg-x y md-y lg-y\" id=\"image_2051276862\">\n\t\t\t\t\t\t\t\t<div class=\"img-inner dark\" >\n\t\t\t<img loading=\"lazy\" decoding=\"async\" width=\"538\" height=\"295\" src=\"https:\/\/greengeneration.es\/wp-content\/uploads\/2021\/05\/PERSONATGES_HOME.png\" class=\"attachment-original size-original\" alt=\"A squirell, a scientistist, an explorer, a bird and planet Earth, drawn in the Green Generation style.\" \/>\t\t\t\t\t\t\n\t\t\t\t\t<\/div>\n\t\t\t\t\t\t\t\t\n<style>\n#image_2051276862 {\n  width: 100%;\n}\n<\/style>\n\t<\/div>\n\t\n\t\t<\/div>\n\t\t\t<\/div>\n\n\t\n\n\t<div id=\"col-788439091\" class=\"col medium-6 small-12 large-6\"  >\n\t\t<div class=\"col-inner\"  >\n\t\t\t\n\t\t\t\n<p>\u00bfQu\u00e9 es el calentamiento global? \u00bfPor qu\u00e9 es importante reciclar? \u00bfPor qu\u00e9 hay especies animales en peligro de extinci\u00f3n?<\/p>\n<p>GREEN GENERATION es una serie de animaci\u00f3n did\u00e1ctica y divertida que combina entretenimiento con informaci\u00f3n rigurosa sobre la defensa del medio ambiente natural y que da respuesta a las preguntas que nos hacemos sobre la naturaleza, el futuro y el planeta.<\/p>\n<p>GREEN GENERATION es tambi\u00e9n un Universo de Contenidos Audiovisuales para Redes Sociales, Plataformas y Televisi\u00f3n enfocados a potenciar\u00a0 el respeto y el amor por la Naturaleza y que pretenden crear conciencia para hacer del mundo un lugar m\u00e1s natural, sostenible, justo y solidario.<\/p>\n<p>Con tu ayuda, lo conseguiremos.<\/p>\n\t\t<\/div>\n\t\t\t<\/div>\n\n\t\n<\/div>\n\t\t<\/div>\n\n\t\t\n<style>\n#section_1023054092 {\n  padding-top: 30px;\n  padding-bottom: 30px;\n}\n<\/style>\n\t<\/section>\n\t\n<div class=\"row align-center\"  id=\"row-588287509\">\n\n\t<div id=\"col-1276026598\" class=\"col medium-8 small-12 large-8\"  >\n\t\t<div class=\"col-inner\"  >\n\t\t\t\n\t\t\t\n<div class=\"video video-fit mb\" style=\"padding-top:56%;\"><p><iframe loading=\"lazy\" title=\"PROMO GREEN GENERATION ESPA\u00d1OL (ESP)\" width=\"1020\" height=\"574\" src=\"https:\/\/www.youtube.com\/embed\/am3J2B9fBDY?feature=oembed\" frameborder=\"0\" allow=\"accelerometer; autoplay; clipboard-write; encrypted-media; gyroscope; picture-in-picture\" allowfullscreen><\/iframe><\/p>\n<\/div>\n\t\t<\/div>\n\t\t\t<\/div>\n\n\t\n<\/div>\n\t<div id=\"gap-1757884466\" class=\"gap-element clearfix\" style=\"display:block; height:auto;\">\n\t\t\n<style>\n#gap-1757884466 {\n  padding-top: 80px;\n}\n<\/style>\n\t<\/div>\n\t\n<div class=\"row\"  id=\"row-400916080\">\n\n\t<div id=\"col-395696965\" class=\"col small-12 large-12\"  >\n\t\t<div class=\"col-inner\"  >\n\t\t\t\n\t\t\t\n\t<div id=\"text-664930234\" class=\"text\">\n\t\t\n<h1>\u00bfPOR QU\u00c9 HACEMOS GREEN GENERATION?<\/h1>\n\t\t\n<style>\n#text-664930234 {\n  font-size: 1.5rem;\n  text-align: center;\n}\n<\/style>\n\t<\/div>\n\t\n\t\t<\/div>\n\t\t\t<\/div>\n\n\t\n<\/div>\n<div class=\"row\"  id=\"row-2105619701\">\n\n\t<div id=\"col-793667012\" class=\"col medium-3 small-6 large-3\"  >\n\t\t<div class=\"col-inner\"  >\n\t\t\t\n\t\t\t\n\n\t\t<div class=\"icon-box featured-box icon-box-center text-center\"  >\n\t\t\t\t\t<div class=\"icon-box-img\" style=\"width: 175px\">\n\t\t\t\t<div class=\"icon\">\n\t\t\t\t\t<div class=\"icon-inner\" >\n\t\t\t\t\t\t<img loading=\"lazy\" decoding=\"async\" width=\"204\" height=\"204\" src=\"https:\/\/greengeneration.es\/wp-content\/uploads\/2021\/05\/ICON_01_HOME.png\" class=\"attachment-medium size-medium\" alt=\"\" \/>\t\t\t\t\t<\/div>\n\t\t\t\t<\/div>\n\t\t\t<\/div>\n\t\t\t\t<div class=\"icon-box-text last-reset\">\n\t\t\t\t\t\t\t\t\t\n<p style=\"margin-top:-20px\">Para educar y <br \/>concienciar en la <br \/>defensa de la<br \/> naturaleza<\/p>\n\t\t<\/div>\n\t<\/div>\n\t\n\t\n\t\t<\/div>\n\t\t\t<\/div>\n\n\t\n\n\t<div id=\"col-1689805792\" class=\"col medium-3 small-6 large-3\"  >\n\t\t<div class=\"col-inner\"  >\n\t\t\t\n\t\t\t\n\n\t\t<div class=\"icon-box featured-box icon-box-center text-center\"  >\n\t\t\t\t\t<div class=\"icon-box-img\" style=\"width: 175px\">\n\t\t\t\t<div class=\"icon\">\n\t\t\t\t\t<div class=\"icon-inner\" >\n\t\t\t\t\t\t<img loading=\"lazy\" decoding=\"async\" width=\"204\" height=\"204\" src=\"https:\/\/greengeneration.es\/wp-content\/uploads\/2021\/05\/ICON_02_HOME.png\" class=\"attachment-medium size-medium\" alt=\"\" \/>\t\t\t\t\t<\/div>\n\t\t\t\t<\/div>\n\t\t\t<\/div>\n\t\t\t\t<div class=\"icon-box-text last-reset\">\n\t\t\t\t\t\t\t\t\t\n<p style=\"margin-top:-20px\">Para combatir la<br \/>crisis clim\u00e1tica y el <br \/>calentamiento<br \/> global<\/p>\n\t\t<\/div>\n\t<\/div>\n\t\n\t\n\t\t<\/div>\n\t\t\t<\/div>\n\n\t\n\n\t<div id=\"col-879319694\" class=\"col medium-3 small-6 large-3\"  >\n\t\t<div class=\"col-inner\"  >\n\t\t\t\n\t\t\t\n\n\t\t<div class=\"icon-box featured-box icon-box-center text-center\"  >\n\t\t\t\t\t<div class=\"icon-box-img\" style=\"width: 175px\">\n\t\t\t\t<div class=\"icon\">\n\t\t\t\t\t<div class=\"icon-inner\" >\n\t\t\t\t\t\t<img loading=\"lazy\" decoding=\"async\" width=\"204\" height=\"204\" src=\"https:\/\/greengeneration.es\/wp-content\/uploads\/2021\/05\/ICON_03_HOME.png\" class=\"attachment-medium size-medium\" alt=\"\" \/>\t\t\t\t\t<\/div>\n\t\t\t\t<\/div>\n\t\t\t<\/div>\n\t\t\t\t<div class=\"icon-box-text last-reset\">\n\t\t\t\t\t\t\t\t\t\n<p style=\"margin-top:-20px\">Para defender la <br \/>vida en nuestro<br \/>planeta <\/p>\n\t\t<\/div>\n\t<\/div>\n\t\n\t\n\t\t<\/div>\n\t\t\t<\/div>\n\n\t\n\n\t<div id=\"col-1367322373\" class=\"col medium-3 small-6 large-3\"  >\n\t\t<div class=\"col-inner\"  >\n\t\t\t\n\t\t\t\n\n\t\t<div class=\"icon-box featured-box icon-box-center text-center\"  >\n\t\t\t\t\t<div class=\"icon-box-img\" style=\"width: 175px\">\n\t\t\t\t<div class=\"icon\">\n\t\t\t\t\t<div class=\"icon-inner\" >\n\t\t\t\t\t\t<img loading=\"lazy\" decoding=\"async\" width=\"196\" height=\"196\" src=\"https:\/\/greengeneration.es\/wp-content\/uploads\/2021\/05\/ICON_04_HOME.png\" class=\"attachment-medium size-medium\" alt=\"\" \/>\t\t\t\t\t<\/div>\n\t\t\t\t<\/div>\n\t\t\t<\/div>\n\t\t\t\t<div class=\"icon-box-text last-reset\">\n\t\t\t\t\t\t\t\t\t\n<p style=\"margin-top:-20px\">Para asegurarnos <br \/>un futuro mejor <br \/>para todos<\/p>\n\t\t<\/div>\n\t<\/div>\n\t\n\t\n\t\t<\/div>\n\t\t\t<\/div>\n\n\t\n<\/div>\n\t<div id=\"gap-131090108\" class=\"gap-element clearfix\" style=\"display:block; height:auto;\">\n\t\t\n<style>\n#gap-131090108 {\n  padding-top: 60px;\n}\n<\/style>\n\t<\/div>\n\t\n<div class=\"row align-center\"  id=\"row-459256032\">\n\n\t<div id=\"col-776453704\" class=\"col medium-9 small-12 large-9\"  >\n\t\t<div class=\"col-inner\"  >\n\t\t\t\n\t\t\t\n<p style=\"text-align: left\">GREEN GENERATION informa y educa sobre los grandes retos mediambientales a los que nos enfrentamos y ofrece soluciones para conseguir, entre todos, un mundo mejor.\u00a0<\/p>\n<p style=\"text-align: left\">Ay\u00fadanos a crear conciencia a favor del medio ambiente y la naturaleza. Ven a formar parte de GREEN GENERATION.<\/p>\n\t\t<\/div>\n\t\t\t<\/div>\n\n\t\n<\/div>\n\t<div id=\"gap-426929113\" class=\"gap-element clearfix\" style=\"display:block; height:auto;\">\n\t\t\n<style>\n#gap-426929113 {\n  padding-top: 40px;\n}\n<\/style>\n\t<\/div>\n\t\n<div class=\"row\"  id=\"row-1868333291\">\n\n\t<div id=\"col-1032280168\" class=\"col small-12 large-12\"  >\n\t\t<div class=\"col-inner text-center\"  >\n\t\t\t\n\t\t\t\n<a rel=\"noopener noreferrer\" href=\"https:\/\/www.patreon.com\/greengeneration\" target=\"_blank\" class=\"button primary is-xlarge\"  style=\"padding:0px 80px 0px 80px;\">\n    <span>AP\u00d3YANOS<\/span>\n  <\/a>\n\n\t\t<\/div>\n\t\t\t<\/div>\n\n\t\n<\/div>\n\t<div id=\"gap-259833612\" class=\"gap-element clearfix\" style=\"display:block; height:auto;\">\n\t\t\n<style>\n#gap-259833612 {\n  padding-top: 30px;\n}\n<\/style>\n\t<\/div>\n\t\n\t<section class=\"section dark\" id=\"section_1340963559\">\n\t\t<div class=\"bg section-bg fill bg-fill  bg-loaded\" >\n\n\t\t\t\n\t\t\t\n\t\t\t\n\n\t\t<\/div>\n\n\t\t<div class=\"section-content relative\">\n\t\t\t\n\n<div class=\"row row-large row-full-width align-bottom\"  id=\"row-2115442516\">\n\n\n\t<div id=\"col-346964520\" class=\"col hide-for-small medium-12 small-12 large-8\"  >\n\t\t<div class=\"col-inner text-left\"  >\n\t\t\t\n\t\t\t\n\n\t<div id=\"text-2743268992\" class=\"text\">\n\t\t\n\n<p><a href=\"\/es\/contacto\/#newsletter\"><span style=\"font-size: 90%;padding-right: 50px\">Newsletter<\/span><\/a><a href=\"\/es\/aviso-legal\"><span style=\"font-size: 90%;padding-right: 50px\">Aviso legal<\/span><\/a><a href=\"\/es\/politica-de-privacidad\"><span style=\"font-size: 90%;padding-right: 50px\">Pol\u00edtica de privacidad<\/span><\/a><a href=\"\/es\/politica-de-cookies\"><span style=\"font-size: 90%;padding-right: 50px\">Pol\u00edtica de cookies<\/span><\/a><\/p>\n\t\t\n<style>\n#text-2743268992 {\n  text-align: left;\n}\n<\/style>\n\t<\/div>\n\t\n\n\t\t<\/div>\n\t\t\n<style>\n#col-346964520 > .col-inner {\n  margin: 0px 0px -15px 0px;\n}\n<\/style>\n\t<\/div>\n\n\t\n\n\t<div id=\"col-1611784753\" class=\"col show-for-small medium-12 small-12 large-8\"  >\n\t\t<div class=\"col-inner text-center\"  >\n\t\t\t\n\t\t\t\n\n\t<div id=\"text-2028441095\" class=\"text\">\n\t\t\n\n<p><a href=\"\/es\/politica-de-privacidad\"><span style=\"font-size: 90%;padding-right: 30px\">Privacidad<\/span><\/a><a href=\"\/es\/politica-de-cookies\"><span style=\"font-size: 90%;padding-right: 30px\">Cookies<\/span><\/a><a href=\"\/es\/contacto\/#newsletter\"><span style=\"font-size: 90%;padding-right: 30px\">Newsletter<\/span><\/a><a href=\"\/es\/aviso-legal\"><span style=\"font-size: 90%;padding-right: 30px\">Aviso legal<\/span><\/a><\/p>\n\t\t\n<style>\n#text-2028441095 {\n  font-size: 0.85rem;\n  text-align: center;\n}\n@media (min-width:550px) {\n  #text-2028441095 {\n    text-align: left;\n  }\n}\n<\/style>\n\t<\/div>\n\t\n\n\t\t<\/div>\n\t\t\n<style>\n#col-1611784753 > .col-inner {\n  margin: 0px 0px -15px 0;\n}\n@media (min-width:550px) {\n  #col-1611784753 > .col-inner {\n    margin: 0px 0px -15px 0px;\n  }\n}\n<\/style>\n\t<\/div>\n\n\t\n\n\t<div id=\"col-599593131\" class=\"col medium-6 small-12 large-4 medium-col-first\"  >\n\t\t<div class=\"col-inner text-center\"  >\n\t\t\t\n\t\t\t\n\n<div class=\"social-icons follow-icons\" style=\"font-size:110%\"><a href=\"https:\/\/www.facebook.com\/greengenerationes\" target=\"_blank\" data-label=\"Facebook\"  rel=\"noopener noreferrer nofollow\" class=\"icon plain facebook tooltip\" title=\"S\u00edguenos en Facebook\"><i class=\"icon-facebook\" ><\/i><\/a><a href=\"https:\/\/www.instagram.com\/greengeneration.es\/\" target=\"_blank\" rel=\"noopener noreferrer nofollow\" data-label=\"Instagram\" class=\"icon plain  instagram tooltip\" title=\"S\u00edguenos en Instagram\"><i class=\"icon-instagram\" ><\/i><\/a><a href=\"mailto:info@greengeneration.es\" data-label=\"E-mail\"  rel=\"nofollow\" class=\"icon plain  email tooltip\" title=\"Env\u00edanos un email\"><i class=\"icon-envelop\" ><\/i><\/a><a href=\"https:\/\/www.pinterest.es\/green_generation\/\" target=\"_blank\" rel=\"noopener noreferrer nofollow\"  data-label=\"Pinterest\"  class=\"icon plain  pinterest tooltip\" title=\"S\u00edguenos en Pinterest\"><i class=\"icon-pinterest\" ><\/i><\/a><a href=\"https:\/\/www.youtube.com\/channel\/UCmfG_A2bsovDDlzbCYKy-jA\" target=\"_blank\" rel=\"noopener noreferrer nofollow\" data-label=\"YouTube\" class=\"icon plain  youtube tooltip\" title=\"S\u00edguenos en Youtube\"><i class=\"icon-youtube\" ><\/i><\/a><\/div>\n\n\n\t\t<\/div>\n\t\t\n<style>\n#col-599593131 > .col-inner {\n  padding: 0px 0px 0px 0px;\n  margin: 20px 0px 0px -10px;\n}\n@media (min-width:550px) {\n  #col-599593131 > .col-inner {\n    padding: 0px 0px 0px 0px;\n    margin: 20px 0px 0px 0px;\n  }\n}\n<\/style>\n\t<\/div>\n\n\t\n\n\n<style>\n#row-2115442516 > .col > .col-inner {\n  padding: 0px 0px 0px 0px;\n}\n<\/style>\n<\/div>\n\n\t\t<\/div>\n\n\t\t\n<style>\n#section_1340963559 {\n  padding-top: 0px;\n  padding-bottom: 0px;\n  background-color: #414b19;\n}\n<\/style>\n\t<\/section>\n\t\n","protected":false},"excerpt":{"rendered":"","protected":false},"author":1,"featured_media":7,"parent":0,"menu_order":0,"comment_status":"closed","ping_status":"closed","template":"page-blank.php","meta":{"footnotes":""},"class_list":["post-202","page","type-page","status-publish","has-post-thumbnail","hentry"],"yoast_head":"<!-- This site is optimized with the Yoast SEO plugin v27.2 - https:\/\/yoast.com\/product\/yoast-seo-wordpress\/ -->\n<title>Home - Green Generation<\/title>\n<meta name=\"robots\" content=\"index, follow, max-snippet:-1, max-image-preview:large, max-video-preview:-1\" \/>\n<link rel=\"canonical\" href=\"https:\/\/greengeneration.es\/es\/\" \/>\n<meta property=\"og:locale\" content=\"es_ES\" \/>\n<meta property=\"og:type\" content=\"article\" \/>\n<meta property=\"og:title\" content=\"Home - Green Generation\" \/>\n<meta property=\"og:url\" content=\"https:\/\/greengeneration.es\/\" \/>\n<meta property=\"og:site_name\" content=\"Green Generation\" \/>\n<meta property=\"article:modified_time\" content=\"2021-05-05T16:24:20+00:00\" \/>\n<meta property=\"og:image\" content=\"https:\/\/greengeneration.es\/wp-content\/uploads\/2016\/08\/dummy-2.jpg\" \/>\n\t<meta property=\"og:image:width\" content=\"1000\" \/>\n\t<meta property=\"og:image:height\" content=\"650\" \/>\n\t<meta property=\"og:image:type\" content=\"image\/jpeg\" \/>\n<meta name=\"twitter:card\" content=\"summary_large_image\" \/>\n<meta name=\"twitter:label1\" content=\"Tiempo de lectura\" \/>\n\t<meta name=\"twitter:data1\" content=\"2 minutos\" \/>\n<script type=\"application\/ld+json\" class=\"yoast-schema-graph\">{\"@context\":\"https:\/\/schema.org\",\"@graph\":[{\"@type\":\"WebPage\",\"@id\":\"https:\/\/greengeneration.es\/\",\"url\":\"https:\/\/greengeneration.es\/\",\"name\":\"Home - Green Generation\",\"isPartOf\":{\"@id\":\"https:\/\/greengeneration.es\/#website\"},\"primaryImageOfPage\":{\"@id\":\"https:\/\/greengeneration.es\/#primaryimage\"},\"image\":{\"@id\":\"https:\/\/greengeneration.es\/#primaryimage\"},\"thumbnailUrl\":\"https:\/\/greengeneration.es\/wp-content\/uploads\/2016\/08\/dummy-2.jpg\",\"datePublished\":\"2021-03-23T16:43:14+00:00\",\"dateModified\":\"2021-05-05T16:24:20+00:00\",\"breadcrumb\":{\"@id\":\"https:\/\/greengeneration.es\/#breadcrumb\"},\"inLanguage\":\"es\",\"potentialAction\":[{\"@type\":\"ReadAction\",\"target\":[\"https:\/\/greengeneration.es\/\"]}]},{\"@type\":\"ImageObject\",\"inLanguage\":\"es\",\"@id\":\"https:\/\/greengeneration.es\/#primaryimage\",\"url\":\"https:\/\/greengeneration.es\/wp-content\/uploads\/2016\/08\/dummy-2.jpg\",\"contentUrl\":\"https:\/\/greengeneration.es\/wp-content\/uploads\/2016\/08\/dummy-2.jpg\",\"width\":1000,\"height\":650},{\"@type\":\"BreadcrumbList\",\"@id\":\"https:\/\/greengeneration.es\/#breadcrumb\",\"itemListElement\":[{\"@type\":\"ListItem\",\"position\":1,\"name\":\"Home\",\"item\":\"https:\/\/greengeneration.es\/\"},{\"@type\":\"ListItem\",\"position\":2,\"name\":\"Home\"}]},{\"@type\":\"WebSite\",\"@id\":\"https:\/\/greengeneration.es\/#website\",\"url\":\"https:\/\/greengeneration.es\/\",\"name\":\"Green Generation\",\"description\":\"\u00a1Ap\u00f3yanos!\",\"potentialAction\":[{\"@type\":\"SearchAction\",\"target\":{\"@type\":\"EntryPoint\",\"urlTemplate\":\"https:\/\/greengeneration.es\/?s={search_term_string}\"},\"query-input\":{\"@type\":\"PropertyValueSpecification\",\"valueRequired\":true,\"valueName\":\"search_term_string\"}}],\"inLanguage\":\"es\"}]}<\/script>\n<!-- \/ Yoast SEO plugin. -->","yoast_head_json":{"title":"Home - Green Generation","robots":{"index":"index","follow":"follow","max-snippet":"max-snippet:-1","max-image-preview":"max-image-preview:large","max-video-preview":"max-video-preview:-1"},"canonical":"https:\/\/greengeneration.es\/es\/","og_locale":"es_ES","og_type":"article","og_title":"Home - Green Generation","og_url":"https:\/\/greengeneration.es\/","og_site_name":"Green Generation","article_modified_time":"2021-05-05T16:24:20+00:00","og_image":[{"width":1000,"height":650,"url":"https:\/\/greengeneration.es\/wp-content\/uploads\/2016\/08\/dummy-2.jpg","type":"image\/jpeg"}],"twitter_card":"summary_large_image","twitter_misc":{"Tiempo de lectura":"2 minutos"},"schema":{"@context":"https:\/\/schema.org","@graph":[{"@type":"WebPage","@id":"https:\/\/greengeneration.es\/","url":"https:\/\/greengeneration.es\/","name":"Home - Green Generation","isPartOf":{"@id":"https:\/\/greengeneration.es\/#website"},"primaryImageOfPage":{"@id":"https:\/\/greengeneration.es\/#primaryimage"},"image":{"@id":"https:\/\/greengeneration.es\/#primaryimage"},"thumbnailUrl":"https:\/\/greengeneration.es\/wp-content\/uploads\/2016\/08\/dummy-2.jpg","datePublished":"2021-03-23T16:43:14+00:00","dateModified":"2021-05-05T16:24:20+00:00","breadcrumb":{"@id":"https:\/\/greengeneration.es\/#breadcrumb"},"inLanguage":"es","potentialAction":[{"@type":"ReadAction","target":["https:\/\/greengeneration.es\/"]}]},{"@type":"ImageObject","inLanguage":"es","@id":"https:\/\/greengeneration.es\/#primaryimage","url":"https:\/\/greengeneration.es\/wp-content\/uploads\/2016\/08\/dummy-2.jpg","contentUrl":"https:\/\/greengeneration.es\/wp-content\/uploads\/2016\/08\/dummy-2.jpg","width":1000,"height":650},{"@type":"BreadcrumbList","@id":"https:\/\/greengeneration.es\/#breadcrumb","itemListElement":[{"@type":"ListItem","position":1,"name":"Home","item":"https:\/\/greengeneration.es\/"},{"@type":"ListItem","position":2,"name":"Home"}]},{"@type":"WebSite","@id":"https:\/\/greengeneration.es\/#website","url":"https:\/\/greengeneration.es\/","name":"Green Generation","description":"\u00a1Ap\u00f3yanos!","potentialAction":[{"@type":"SearchAction","target":{"@type":"EntryPoint","urlTemplate":"https:\/\/greengeneration.es\/?s={search_term_string}"},"query-input":{"@type":"PropertyValueSpecification","valueRequired":true,"valueName":"search_term_string"}}],"inLanguage":"es"}]}},"_links":{"self":[{"href":"https:\/\/greengeneration.es\/es\/wp-json\/wp\/v2\/pages\/202\/"}],"collection":[{"href":"https:\/\/greengeneration.es\/es\/wp-json\/wp\/v2\/pages\/"}],"about":[{"href":"https:\/\/greengeneration.es\/es\/wp-json\/wp\/v2\/types\/page\/"}],"author":[{"embeddable":true,"href":"https:\/\/greengeneration.es\/es\/wp-json\/wp\/v2\/users\/1\/"}],"replies":[{"embeddable":true,"href":"https:\/\/greengeneration.es\/es\/wp-json\/wp\/v2\/comments\/?post=202"}],"version-history":[{"count":35,"href":"https:\/\/greengeneration.es\/es\/wp-json\/wp\/v2\/pages\/202\/revisions\/"}],"predecessor-version":[{"id":1003,"href":"https:\/\/greengeneration.es\/es\/wp-json\/wp\/v2\/pages\/202\/revisions\/1003\/"}],"wp:featuredmedia":[{"embeddable":true,"href":"https:\/\/greengeneration.es\/es\/wp-json\/wp\/v2\/media\/7\/"}],"wp:attachment":[{"href":"https:\/\/greengeneration.es\/es\/wp-json\/wp\/v2\/media\/?parent=202"}],"curies":[{"name":"wp","href":"https:\/\/api.w.org\/{rel}","templated":true}]}}