{"id":209,"date":"2021-03-23T16:45:11","date_gmt":"2021-03-23T16:45:11","guid":{"rendered":"http:\/\/greengeneration.es\/?page_id=209"},"modified":"2021-05-23T14:45:55","modified_gmt":"2021-05-23T14:45:55","slug":"blog","status":"publish","type":"page","link":"https:\/\/greengeneration.es\/es\/blog\/","title":{"rendered":"Blog"},"content":{"rendered":"\n  <div class=\"banner has-hover has-video\" id=\"banner-756032608\">\n          <div class=\"banner-inner fill\">\n        <div class=\"banner-bg fill\" >\n            <div class=\"bg fill bg-fill \"><\/div>\n            \t<div class=\"video-overlay no-click fill visible\"><\/div>\n\t<video class=\"video-bg fill visible\" preload playsinline autoplay\n\t\tmuted\t\tloop>\n\t\t<source src=\"https:\/\/greengeneration.es\/wp-content\/uploads\/2021\/05\/plano-web_submarino_blog.mp4\" type=\"video\/mp4\">\t<\/video>\n                        \n                    <\/div>\n        <div class=\"banner-layers container\">\n            <div class=\"fill banner-link\"><\/div>            \n        <\/div>\n      <\/div>\n\n            \n<style>\n#banner-756032608 {\n  padding-top: 56.25%;\n}\n@media (min-width:550px) {\n  #banner-756032608 {\n    padding-top: 32%;\n  }\n}\n<\/style>\n  <\/div>\n\n\n\t<div id=\"gap-713376381\" class=\"gap-element clearfix\" style=\"display:block; height:auto;\">\n\t\t\n<style>\n#gap-713376381 {\n  padding-top: 40px;\n}\n@media (min-width:550px) {\n  #gap-713376381 {\n    padding-top: 90px;\n  }\n}\n<\/style>\n\t<\/div>\n\t\n\t<section class=\"section\" id=\"section_744020783\">\n\t\t<div class=\"bg section-bg fill bg-fill  bg-loaded\" >\n\n\t\t\t\n\t\t\t\n\t\t\t\n\n\t\t<\/div>\n\n\t\t<div class=\"section-content relative\">\n\t\t\t\n<div class=\"row row-large align-middle\"  id=\"row-1493554427\">\n\n\t<div id=\"col-138650102\" class=\"col medium-6 small-12 large-6\"  >\n\t\t<div class=\"col-inner\"  >\n\t\t\t\n\t\t\t\n\t<div class=\"img has-hover x md-x lg-x y md-y lg-y\" id=\"image_1370074490\">\n\t\t\t\t\t\t\t\t<div class=\"img-inner dark\" >\n\t\t\t<img loading=\"lazy\" decoding=\"async\" width=\"352\" height=\"212\" src=\"https:\/\/greengeneration.es\/wp-content\/uploads\/2021\/05\/PC_BLOG.png\" class=\"attachment-original size-original\" alt=\"\" \/>\t\t\t\t\t\t\n\t\t\t\t\t<\/div>\n\t\t\t\t\t\t\t\t\n<style>\n#image_1370074490 {\n  width: 100%;\n}\n<\/style>\n\t<\/div>\n\t\n\t\t<\/div>\n\t\t\t<\/div>\n\n\t\n\n\t<div id=\"col-36224343\" class=\"col medium-6 small-12 large-6\"  >\n\t\t<div class=\"col-inner\"  >\n\t\t\t\n\t\t\t\n\t<div id=\"text-2594779356\" class=\"text\">\n\t\t\n<h3>BLOG<\/h3>\n\t\t\n<style>\n#text-2594779356 {\n  font-size: 1.5rem;\n}\n<\/style>\n\t<\/div>\n\t\n\t<div id=\"gap-1452410965\" class=\"gap-element clearfix\" style=\"display:block; height:auto;\">\n\t\t\n<style>\n#gap-1452410965 {\n  padding-top: 0px;\n}\n<\/style>\n\t<\/div>\n\t\n<p>Bienvenidos al Blog de <strong>GREEN GENERATION.<\/strong><\/p>\n<p>Cada mes trataremos un tema diferente relacionado con el cap\u00edtulo que ponemos a vuestra disposici\u00f3n. Cada cap\u00edtulo trata un concepto relacionado con la defensa del medio ambiente, as\u00ed que, con cada Blog os facilitaremos la informaci\u00f3n y los enlaces m\u00e1s interesantes para comprenderlo mejor.<\/p>\n<p>Esperamos tambi\u00e9n vuestros comentarios y sugerencias<\/p>\n\t\t<\/div>\n\t\t\t<\/div>\n\n\t\n<\/div>\n\t\t<\/div>\n\n\t\t\n<style>\n#section_744020783 {\n  padding-top: 0px;\n  padding-bottom: 0px;\n}\n<\/style>\n\t<\/section>\n\t\n\t<div id=\"gap-140632397\" class=\"gap-element clearfix\" style=\"display:block; height:auto;\">\n\t\t\n<style>\n#gap-140632397 {\n  padding-top: 90px;\n}\n<\/style>\n\t<\/div>\n\t\n<div class=\"row row-large\"  id=\"row-25308191\">\n\n\t<div id=\"col-1057153531\" class=\"col medium-6 small-12 large-6\"  >\n\t\t<div class=\"col-inner\"  >\n\t\t\t\n\t\t\t\n\t<div id=\"text-2086654045\" class=\"text\">\n\t\t\n<h3>CONTENIDO GENERAL<\/h3>\n\t\t\n<style>\n#text-2086654045 {\n  color: rgb(0, 0, 0);\n}\n#text-2086654045 > * {\n  color: rgb(0, 0, 0);\n}\n<\/style>\n\t<\/div>\n\t\n\t<div id=\"gap-1873505738\" class=\"gap-element clearfix\" style=\"display:block; height:auto;\">\n\t\t\n<style>\n#gap-1873505738 {\n  padding-top: 30px;\n}\n<\/style>\n\t<\/div>\n\t\nCannot call API for app 380204239234502 on behalf of user 400805368073460\n\t\t<\/div>\n\t\t\t<\/div>\n\n\t\n\n\t<div id=\"col-483568549\" class=\"col medium-6 small-12 large-6\"  >\n\t\t<div class=\"col-inner\"  >\n\t\t\t\n\t\t\t\n<div class=\"row\"  id=\"row-524763330\">\n\n\t<div id=\"col-724667989\" class=\"col medium-7 small-9 large-7\"  >\n\t\t<div class=\"col-inner\"  >\n\t\t\t\n\t\t\t\n\t<div id=\"text-2883441250\" class=\"text\">\n\t\t\n<h3 style=\"padding-right:10px\">CONTENIDO EXCLUSIVO PATREON<\/h3>\n\t\t\n<style>\n#text-2883441250 {\n  color: rgb(0, 0, 0);\n}\n#text-2883441250 > * {\n  color: rgb(0, 0, 0);\n}\n<\/style>\n\t<\/div>\n\t\n\t\t<\/div>\n\t\t\n<style>\n#col-724667989 > .col-inner {\n  margin: 0px 0px -30px 0px;\n}\n<\/style>\n\t<\/div>\n\n\t\n\n\t<div id=\"col-1316159290\" class=\"col medium-3 small-3 large-3\"  >\n\t\t<div class=\"col-inner\"  >\n\t\t\t\n\t\t\t\n\t<div class=\"img has-hover x md-x lg-x y md-y lg-y\" id=\"image_2060819385\">\n\t\t\t\t\t\t\t\t<div class=\"img-inner dark\" >\n\t\t\t<img loading=\"lazy\" decoding=\"async\" width=\"320\" height=\"320\" src=\"https:\/\/greengeneration.es\/wp-content\/uploads\/2021\/04\/patreon-1.png\" class=\"attachment-large size-large\" alt=\"\" srcset=\"https:\/\/greengeneration.es\/wp-content\/uploads\/2021\/04\/patreon-1.png 320w, https:\/\/greengeneration.es\/wp-content\/uploads\/2021\/04\/patreon-1-280x280.png 280w\" sizes=\"auto, (max-width: 320px) 100vw, 320px\" \/>\t\t\t\t\t\t\n\t\t\t\t\t<\/div>\n\t\t\t\t\t\t\t\t\n<style>\n#image_2060819385 {\n  width: 20%;\n}\n<\/style>\n\t<\/div>\n\t\n\t\t<\/div>\n\t\t\n<style>\n#col-1316159290 > .col-inner {\n  margin: 0px 0px -30px -34px;\n}\n@media (min-width:550px) {\n  #col-1316159290 > .col-inner {\n    margin: 0px 0px -30px -45px;\n  }\n}\n<\/style>\n\t<\/div>\n\n\t\n<\/div>\n\t<div id=\"gap-212200728\" class=\"gap-element clearfix\" style=\"display:block; height:auto;\">\n\t\t\n<style>\n#gap-212200728 {\n  padding-top: 3px;\n}\n<\/style>\n\t<\/div>\n\t\n\n  \n    <div class=\"row large-columns-1 medium-columns- small-columns-1 row-small\">\n  \t\t<div class=\"col post-item\" >\n\t\t\t<div class=\"col-inner\">\n\t\t\t<a href=\"https:\/\/greengeneration.es\/es\/green-generation-reciclaje\/\" class=\"plain\">\n\t\t\t\t<div class=\"box box-vertical box-text-bottom box-blog-post has-hover\">\n            \t\t\t\t\t<div class=\"box-image\" style=\"width:50%;\">\n  \t\t\t\t\t\t<div class=\"image-cover\" style=\"padding-top:57%;\">\n  \t\t\t\t\t\t\t<img loading=\"lazy\" decoding=\"async\" width=\"711\" height=\"400\" src=\"https:\/\/greengeneration.es\/wp-content\/uploads\/2021\/05\/3-EL-RECICLAJE-711x400.jpg\" class=\"attachment-medium size-medium wp-post-image\" alt=\"\" srcset=\"https:\/\/greengeneration.es\/wp-content\/uploads\/2021\/05\/3-EL-RECICLAJE-711x400.jpg 711w, https:\/\/greengeneration.es\/wp-content\/uploads\/2021\/05\/3-EL-RECICLAJE-768x432.jpg 768w, https:\/\/greengeneration.es\/wp-content\/uploads\/2021\/05\/3-EL-RECICLAJE.jpg 1280w\" sizes=\"auto, (max-width: 711px) 100vw, 711px\" \/>  \t\t\t\t\t\t\t  \t\t\t\t\t\t\t  \t\t\t\t\t\t<\/div>\n  \t\t\t\t\t\t  \t\t\t\t\t<\/div>\n          \t\t\t\t\t<div class=\"box-text text-left\" >\n\t\t\t\t\t<div class=\"box-text-inner blog-post-inner\">\n\n\t\t\t\t\t\n\t\t\t\t\t\t\t\t\t\t\t<p class=\"cat-label tag-label is-xxsmall op-7 uppercase\">\n\t\t\t\t\tExclusivo para Patreon \t\t\t\t\t<\/p>\n\t\t\t\t\t\t\t\t\t\t<h5 class=\"post-title is-large \">Green Generation &#8211; Reciclaje<\/h5>\n\t\t\t\t\t\t\t\t\t\t<div class=\"is-divider\"><\/div>\n\t\t\t\t\t\t\t\t\t\t<p class=\"from_the_blog_excerpt \">Nuestro cap\u00edtulo de Junio es el Reciclaje, una buena [...]\t\t\t\t\t<\/p>\n\t\t\t\t\t                    \n\t\t\t\t\t\t\t\t\t\t\t<button href=\"https:\/\/greengeneration.es\/es\/green-generation-reciclaje\/\" class=\"button primary is-link is-small mb-0\">\n\t\t\t\t\t\t\tLeer m\u00e1s\t\t\t\t\t\t<\/button>\n\t\t\t\t\t\n\t\t\t\t\t\n\t\t\t\t\t<\/div>\n\t\t\t\t\t<\/div>\n\t\t\t\t\t\t\t\t\t\t\t\t\t\t\t\t<div class=\"badge absolute top post-date badge-outline\">\n\t\t\t\t\t\t\t<div class=\"badge-inner\">\n\t\t\t\t\t\t\t\t<span class=\"post-date-day\">23<\/span><br>\n\t\t\t\t\t\t\t\t<span class=\"post-date-month is-xsmall\">May<\/span>\n\t\t\t\t\t\t\t<\/div>\n\t\t\t\t\t\t<\/div>\n\t\t\t\t\t\t\t\t\t<\/div>\n\t\t\t\t<\/a>\n\t\t\t<\/div>\n\t\t<\/div>\n\t\t<div class=\"col post-item has-post-icon\" >\n\t\t\t<div class=\"col-inner\">\n\t\t\t<a href=\"https:\/\/greengeneration.es\/es\/green-generation-zoonosis\/\" class=\"plain\">\n\t\t\t\t<div class=\"box box-vertical box-text-bottom box-blog-post has-hover\">\n            \t\t\t\t\t<div class=\"box-image\" style=\"width:50%;\">\n  \t\t\t\t\t\t<div class=\"image-cover\" style=\"padding-top:57%;\">\n  \t\t\t\t\t\t\t<img loading=\"lazy\" decoding=\"async\" width=\"711\" height=\"400\" src=\"https:\/\/greengeneration.es\/wp-content\/uploads\/2021\/05\/11-ZOONOSIS_BLOG-1-711x400.jpg\" class=\"attachment-medium size-medium wp-post-image\" alt=\"Green, generation, crisis clim\u00e1tica, cambio clim\u00e1tico, para ni\u00f1os, medio ambiente, videos, ciencia\" srcset=\"https:\/\/greengeneration.es\/wp-content\/uploads\/2021\/05\/11-ZOONOSIS_BLOG-1-711x400.jpg 711w, https:\/\/greengeneration.es\/wp-content\/uploads\/2021\/05\/11-ZOONOSIS_BLOG-1-768x432.jpg 768w, https:\/\/greengeneration.es\/wp-content\/uploads\/2021\/05\/11-ZOONOSIS_BLOG-1.jpg 1280w\" sizes=\"auto, (max-width: 711px) 100vw, 711px\" \/>  \t\t\t\t\t\t\t  \t\t\t\t\t\t\t  \t\t\t\t\t\t<\/div>\n  \t\t\t\t\t\t  \t\t\t\t\t\t\t<div class=\"absolute no-click x50 y50 md-x50 md-y50 lg-x50 lg-y50\">\n  \t\t\t\t            \t<div class=\"overlay-icon\">\n  \t\t\t\t                    <i class=\"icon-play\"><\/i>\n  \t\t\t\t                <\/div>\n  \t\t\t\t            <\/div>\n  \t\t\t\t\t\t  \t\t\t\t\t<\/div>\n          \t\t\t\t\t<div class=\"box-text text-left\" >\n\t\t\t\t\t<div class=\"box-text-inner blog-post-inner\">\n\n\t\t\t\t\t\n\t\t\t\t\t\t\t\t\t\t\t<p class=\"cat-label tag-label is-xxsmall op-7 uppercase\">\n\t\t\t\t\tContenido en abierto \t\t\t\t\t<\/p>\n\t\t\t\t\t\t\t\t\t\t<h5 class=\"post-title is-large \">Green Generation &#8211; Zoonosis<\/h5>\n\t\t\t\t\t\t\t\t\t\t<div class=\"is-divider\"><\/div>\n\t\t\t\t\t\t\t\t\t\t<p class=\"from_the_blog_excerpt \">Green Generation &#8211; Zoonosis Nuestro cap\u00edtulo de mayo es [...]\t\t\t\t\t<\/p>\n\t\t\t\t\t                    \n\t\t\t\t\t\t\t\t\t\t\t<button href=\"https:\/\/greengeneration.es\/es\/green-generation-zoonosis\/\" class=\"button primary is-link is-small mb-0\">\n\t\t\t\t\t\t\tLeer m\u00e1s\t\t\t\t\t\t<\/button>\n\t\t\t\t\t\n\t\t\t\t\t\n\t\t\t\t\t<\/div>\n\t\t\t\t\t<\/div>\n\t\t\t\t\t\t\t\t\t\t\t\t\t\t\t\t<div class=\"badge absolute top post-date badge-outline\">\n\t\t\t\t\t\t\t<div class=\"badge-inner\">\n\t\t\t\t\t\t\t\t<span class=\"post-date-day\">02<\/span><br>\n\t\t\t\t\t\t\t\t<span class=\"post-date-month is-xsmall\">May<\/span>\n\t\t\t\t\t\t\t<\/div>\n\t\t\t\t\t\t<\/div>\n\t\t\t\t\t\t\t\t\t<\/div>\n\t\t\t\t<\/a>\n\t\t\t<\/div>\n\t\t<\/div>\n\t\t<div class=\"col post-item\" >\n\t\t\t<div class=\"col-inner\">\n\t\t\t<a href=\"https:\/\/greengeneration.es\/es\/todos-los-dias-son-el-dia-de-la-tierra-la-crisis-climatica\/\" class=\"plain\">\n\t\t\t\t<div class=\"box box-vertical box-text-bottom box-blog-post has-hover\">\n            \t\t\t\t\t<div class=\"box-image\" style=\"width:50%;\">\n  \t\t\t\t\t\t<div class=\"image-cover\" style=\"padding-top:57%;\">\n  \t\t\t\t\t\t\t<img loading=\"lazy\" decoding=\"async\" width=\"711\" height=\"400\" src=\"https:\/\/greengeneration.es\/wp-content\/uploads\/2021\/05\/12-CRISIS-CLIMATICA_BLOG-711x400.jpg\" class=\"attachment-medium size-medium wp-post-image\" alt=\"Green, generation, crisis clim\u00e1tica, cambio clim\u00e1tico, para ni\u00f1os, medio ambiente, videos, ciencia\" srcset=\"https:\/\/greengeneration.es\/wp-content\/uploads\/2021\/05\/12-CRISIS-CLIMATICA_BLOG-711x400.jpg 711w, https:\/\/greengeneration.es\/wp-content\/uploads\/2021\/05\/12-CRISIS-CLIMATICA_BLOG-768x432.jpg 768w, https:\/\/greengeneration.es\/wp-content\/uploads\/2021\/05\/12-CRISIS-CLIMATICA_BLOG.jpg 1280w\" sizes=\"auto, (max-width: 711px) 100vw, 711px\" \/>  \t\t\t\t\t\t\t  \t\t\t\t\t\t\t  \t\t\t\t\t\t<\/div>\n  \t\t\t\t\t\t  \t\t\t\t\t<\/div>\n          \t\t\t\t\t<div class=\"box-text text-left\" >\n\t\t\t\t\t<div class=\"box-text-inner blog-post-inner\">\n\n\t\t\t\t\t\n\t\t\t\t\t\t\t\t\t\t\t<p class=\"cat-label tag-label is-xxsmall op-7 uppercase\">\n\t\t\t\t\tContenido en abierto \t\t\t\t\t<\/p>\n\t\t\t\t\t\t\t\t\t\t<h5 class=\"post-title is-large \">Green Generation &#8211; Crisis Clim\u00e1tica<\/h5>\n\t\t\t\t\t\t\t\t\t\t<div class=\"is-divider\"><\/div>\n\t\t\t\t\t\t\t\t\t\t<p class=\"from_the_blog_excerpt \">Todos los habitantes de la Tierra estamos viviendo una [...]\t\t\t\t\t<\/p>\n\t\t\t\t\t                    \n\t\t\t\t\t\t\t\t\t\t\t<button href=\"https:\/\/greengeneration.es\/es\/todos-los-dias-son-el-dia-de-la-tierra-la-crisis-climatica\/\" class=\"button primary is-link is-small mb-0\">\n\t\t\t\t\t\t\tLeer m\u00e1s\t\t\t\t\t\t<\/button>\n\t\t\t\t\t\n\t\t\t\t\t\n\t\t\t\t\t<\/div>\n\t\t\t\t\t<\/div>\n\t\t\t\t\t\t\t\t\t\t\t\t\t\t\t\t<div class=\"badge absolute top post-date badge-outline\">\n\t\t\t\t\t\t\t<div class=\"badge-inner\">\n\t\t\t\t\t\t\t\t<span class=\"post-date-day\">22<\/span><br>\n\t\t\t\t\t\t\t\t<span class=\"post-date-month is-xsmall\">Abr<\/span>\n\t\t\t\t\t\t\t<\/div>\n\t\t\t\t\t\t<\/div>\n\t\t\t\t\t\t\t\t\t<\/div>\n\t\t\t\t<\/a>\n\t\t\t<\/div>\n\t\t<\/div>\n<\/div>\n<a href=\"https:\/\/greengeneration.es\/es\/todos-los-articulos\/\" target=\"_self\" class=\"button primary is-link\"  >\n    <span>Ver todos<\/span>\n  <i class=\"icon-angle-right\" ><\/i><\/a>\n\n\t\t<\/div>\n\t\t\t<\/div>\n\n\t\n<\/div>\n\t<div id=\"gap-1379476778\" class=\"gap-element clearfix\" style=\"display:block; height:auto;\">\n\t\t\n<style>\n#gap-1379476778 {\n  padding-top: 15px;\n}\n@media (min-width:550px) {\n  #gap-1379476778 {\n    padding-top: 40px;\n  }\n}\n<\/style>\n\t<\/div>\n\t\n<div class=\"row\"  id=\"row-1437159509\">\n\n\t<div id=\"col-126492687\" class=\"col small-12 large-12\"  >\n\t\t<div class=\"col-inner text-center\"  >\n\t\t\t\n\t\t\t\n<a rel=\"noopener noreferrer\" href=\"https:\/\/www.patreon.com\/greengeneration\" target=\"_blank\" class=\"button primary is-xlarge\"  style=\"padding:0px 80px 0px 80px;\">\n    <span>AP\u00d3YANOS<\/span>\n  <\/a>\n\n\t\t<\/div>\n\t\t\t<\/div>\n\n\t\n<\/div>\n\t<div id=\"gap-2137179360\" class=\"gap-element clearfix\" style=\"display:block; height:auto;\">\n\t\t\n<style>\n#gap-2137179360 {\n  padding-top: 0px;\n}\n@media (min-width:550px) {\n  #gap-2137179360 {\n    padding-top: 30px;\n  }\n}\n<\/style>\n\t<\/div>\n\t\n\t<section class=\"section dark\" id=\"section_61752947\">\n\t\t<div class=\"bg section-bg fill bg-fill  bg-loaded\" >\n\n\t\t\t\n\t\t\t\n\t\t\t\n\n\t\t<\/div>\n\n\t\t<div class=\"section-content relative\">\n\t\t\t\n\n<div class=\"row row-large row-full-width align-bottom\"  id=\"row-1816794873\">\n\n\n\t<div id=\"col-800109781\" class=\"col hide-for-small medium-12 small-12 large-8\"  >\n\t\t<div class=\"col-inner text-left\"  >\n\t\t\t\n\t\t\t\n\n\t<div id=\"text-1214120169\" class=\"text\">\n\t\t\n\n<p><a href=\"\/es\/contacto\/#newsletter\"><span style=\"font-size: 90%;padding-right: 50px\">Newsletter<\/span><\/a><a href=\"\/es\/aviso-legal\"><span style=\"font-size: 90%;padding-right: 50px\">Aviso legal<\/span><\/a><a href=\"\/es\/politica-de-privacidad\"><span style=\"font-size: 90%;padding-right: 50px\">Pol\u00edtica de privacidad<\/span><\/a><a href=\"\/es\/politica-de-cookies\"><span style=\"font-size: 90%;padding-right: 50px\">Pol\u00edtica de cookies<\/span><\/a><\/p>\n\t\t\n<style>\n#text-1214120169 {\n  text-align: left;\n}\n<\/style>\n\t<\/div>\n\t\n\n\t\t<\/div>\n\t\t\n<style>\n#col-800109781 > .col-inner {\n  margin: 0px 0px -15px 0px;\n}\n<\/style>\n\t<\/div>\n\n\t\n\n\t<div id=\"col-74235965\" class=\"col show-for-small medium-12 small-12 large-8\"  >\n\t\t<div class=\"col-inner text-center\"  >\n\t\t\t\n\t\t\t\n\n\t<div id=\"text-3531325098\" class=\"text\">\n\t\t\n\n<p><a href=\"\/es\/politica-de-privacidad\"><span style=\"font-size: 90%;padding-right: 30px\">Privacidad<\/span><\/a><a href=\"\/es\/politica-de-cookies\"><span style=\"font-size: 90%;padding-right: 30px\">Cookies<\/span><\/a><a href=\"\/es\/contacto\/#newsletter\"><span style=\"font-size: 90%;padding-right: 30px\">Newsletter<\/span><\/a><a href=\"\/es\/aviso-legal\"><span style=\"font-size: 90%;padding-right: 30px\">Aviso legal<\/span><\/a><\/p>\n\t\t\n<style>\n#text-3531325098 {\n  font-size: 0.85rem;\n  text-align: center;\n}\n@media (min-width:550px) {\n  #text-3531325098 {\n    text-align: left;\n  }\n}\n<\/style>\n\t<\/div>\n\t\n\n\t\t<\/div>\n\t\t\n<style>\n#col-74235965 > .col-inner {\n  margin: 0px 0px -15px 0;\n}\n@media (min-width:550px) {\n  #col-74235965 > .col-inner {\n    margin: 0px 0px -15px 0px;\n  }\n}\n<\/style>\n\t<\/div>\n\n\t\n\n\t<div id=\"col-548666893\" class=\"col medium-6 small-12 large-4 medium-col-first\"  >\n\t\t<div class=\"col-inner text-center\"  >\n\t\t\t\n\t\t\t\n\n<div class=\"social-icons follow-icons\" style=\"font-size:110%\"><a href=\"https:\/\/www.facebook.com\/greengenerationes\" target=\"_blank\" data-label=\"Facebook\"  rel=\"noopener noreferrer nofollow\" class=\"icon plain facebook tooltip\" title=\"S\u00edguenos en Facebook\"><i class=\"icon-facebook\" ><\/i><\/a><a href=\"https:\/\/www.instagram.com\/greengeneration.es\/\" target=\"_blank\" rel=\"noopener noreferrer nofollow\" data-label=\"Instagram\" class=\"icon plain  instagram tooltip\" title=\"S\u00edguenos en Instagram\"><i class=\"icon-instagram\" ><\/i><\/a><a href=\"mailto:info@greengeneration.es\" data-label=\"E-mail\"  rel=\"nofollow\" class=\"icon plain  email tooltip\" title=\"Env\u00edanos un email\"><i class=\"icon-envelop\" ><\/i><\/a><a href=\"https:\/\/www.pinterest.es\/green_generation\/\" target=\"_blank\" rel=\"noopener noreferrer nofollow\"  data-label=\"Pinterest\"  class=\"icon plain  pinterest tooltip\" title=\"S\u00edguenos en Pinterest\"><i class=\"icon-pinterest\" ><\/i><\/a><a href=\"https:\/\/www.youtube.com\/channel\/UCmfG_A2bsovDDlzbCYKy-jA\" target=\"_blank\" rel=\"noopener noreferrer nofollow\" data-label=\"YouTube\" class=\"icon plain  youtube tooltip\" title=\"S\u00edguenos en Youtube\"><i class=\"icon-youtube\" ><\/i><\/a><\/div>\n\n\n\t\t<\/div>\n\t\t\n<style>\n#col-548666893 > .col-inner {\n  padding: 0px 0px 0px 0px;\n  margin: 20px 0px 0px -10px;\n}\n@media (min-width:550px) {\n  #col-548666893 > .col-inner {\n    padding: 0px 0px 0px 0px;\n    margin: 20px 0px 0px 0px;\n  }\n}\n<\/style>\n\t<\/div>\n\n\t\n\n\n<style>\n#row-1816794873 > .col > .col-inner {\n  padding: 0px 0px 0px 0px;\n}\n<\/style>\n<\/div>\n\n\t\t<\/div>\n\n\t\t\n<style>\n#section_61752947 {\n  padding-top: 0px;\n  padding-bottom: 0px;\n  background-color: #414b19;\n}\n<\/style>\n\t<\/section>\n\t\n","protected":false},"excerpt":{"rendered":"","protected":false},"author":1,"featured_media":0,"parent":0,"menu_order":0,"comment_status":"closed","ping_status":"closed","template":"page-blank.php","meta":{"footnotes":""},"class_list":["post-209","page","type-page","status-publish","hentry"],"yoast_head":"<!-- This site is optimized with the Yoast SEO plugin v27.2 - https:\/\/yoast.com\/product\/yoast-seo-wordpress\/ -->\n<title>Blog - Green Generation<\/title>\n<meta name=\"robots\" content=\"index, follow, max-snippet:-1, max-image-preview:large, max-video-preview:-1\" \/>\n<link rel=\"canonical\" href=\"https:\/\/greengeneration.es\/es\/blog\/\" \/>\n<meta property=\"og:locale\" content=\"es_ES\" \/>\n<meta property=\"og:type\" content=\"article\" \/>\n<meta property=\"og:title\" content=\"Blog - Green Generation\" \/>\n<meta property=\"og:url\" content=\"https:\/\/greengeneration.es\/blog\/\" \/>\n<meta property=\"og:site_name\" content=\"Green Generation\" \/>\n<meta property=\"article:modified_time\" content=\"2021-05-23T14:45:55+00:00\" \/>\n<meta name=\"twitter:card\" content=\"summary_large_image\" \/>\n<meta name=\"twitter:label1\" content=\"Tiempo de lectura\" \/>\n\t<meta name=\"twitter:data1\" content=\"2 minutos\" \/>\n<script type=\"application\/ld+json\" class=\"yoast-schema-graph\">{\"@context\":\"https:\/\/schema.org\",\"@graph\":[{\"@type\":\"WebPage\",\"@id\":\"https:\/\/greengeneration.es\/blog\/\",\"url\":\"https:\/\/greengeneration.es\/blog\/\",\"name\":\"Blog - Green Generation\",\"isPartOf\":{\"@id\":\"https:\/\/greengeneration.es\/#website\"},\"datePublished\":\"2021-03-23T16:45:11+00:00\",\"dateModified\":\"2021-05-23T14:45:55+00:00\",\"breadcrumb\":{\"@id\":\"https:\/\/greengeneration.es\/blog\/#breadcrumb\"},\"inLanguage\":\"es\",\"potentialAction\":[{\"@type\":\"ReadAction\",\"target\":[\"https:\/\/greengeneration.es\/blog\/\"]}]},{\"@type\":\"BreadcrumbList\",\"@id\":\"https:\/\/greengeneration.es\/blog\/#breadcrumb\",\"itemListElement\":[{\"@type\":\"ListItem\",\"position\":1,\"name\":\"Home\",\"item\":\"https:\/\/greengeneration.es\/\"},{\"@type\":\"ListItem\",\"position\":2,\"name\":\"Blog\"}]},{\"@type\":\"WebSite\",\"@id\":\"https:\/\/greengeneration.es\/#website\",\"url\":\"https:\/\/greengeneration.es\/\",\"name\":\"Green Generation\",\"description\":\"\u00a1Ap\u00f3yanos!\",\"potentialAction\":[{\"@type\":\"SearchAction\",\"target\":{\"@type\":\"EntryPoint\",\"urlTemplate\":\"https:\/\/greengeneration.es\/?s={search_term_string}\"},\"query-input\":{\"@type\":\"PropertyValueSpecification\",\"valueRequired\":true,\"valueName\":\"search_term_string\"}}],\"inLanguage\":\"es\"}]}<\/script>\n<!-- \/ Yoast SEO plugin. -->","yoast_head_json":{"title":"Blog - Green Generation","robots":{"index":"index","follow":"follow","max-snippet":"max-snippet:-1","max-image-preview":"max-image-preview:large","max-video-preview":"max-video-preview:-1"},"canonical":"https:\/\/greengeneration.es\/es\/blog\/","og_locale":"es_ES","og_type":"article","og_title":"Blog - Green Generation","og_url":"https:\/\/greengeneration.es\/blog\/","og_site_name":"Green Generation","article_modified_time":"2021-05-23T14:45:55+00:00","twitter_card":"summary_large_image","twitter_misc":{"Tiempo de lectura":"2 minutos"},"schema":{"@context":"https:\/\/schema.org","@graph":[{"@type":"WebPage","@id":"https:\/\/greengeneration.es\/blog\/","url":"https:\/\/greengeneration.es\/blog\/","name":"Blog - Green Generation","isPartOf":{"@id":"https:\/\/greengeneration.es\/#website"},"datePublished":"2021-03-23T16:45:11+00:00","dateModified":"2021-05-23T14:45:55+00:00","breadcrumb":{"@id":"https:\/\/greengeneration.es\/blog\/#breadcrumb"},"inLanguage":"es","potentialAction":[{"@type":"ReadAction","target":["https:\/\/greengeneration.es\/blog\/"]}]},{"@type":"BreadcrumbList","@id":"https:\/\/greengeneration.es\/blog\/#breadcrumb","itemListElement":[{"@type":"ListItem","position":1,"name":"Home","item":"https:\/\/greengeneration.es\/"},{"@type":"ListItem","position":2,"name":"Blog"}]},{"@type":"WebSite","@id":"https:\/\/greengeneration.es\/#website","url":"https:\/\/greengeneration.es\/","name":"Green Generation","description":"\u00a1Ap\u00f3yanos!","potentialAction":[{"@type":"SearchAction","target":{"@type":"EntryPoint","urlTemplate":"https:\/\/greengeneration.es\/?s={search_term_string}"},"query-input":{"@type":"PropertyValueSpecification","valueRequired":true,"valueName":"search_term_string"}}],"inLanguage":"es"}]}},"_links":{"self":[{"href":"https:\/\/greengeneration.es\/es\/wp-json\/wp\/v2\/pages\/209\/"}],"collection":[{"href":"https:\/\/greengeneration.es\/es\/wp-json\/wp\/v2\/pages\/"}],"about":[{"href":"https:\/\/greengeneration.es\/es\/wp-json\/wp\/v2\/types\/page\/"}],"author":[{"embeddable":true,"href":"https:\/\/greengeneration.es\/es\/wp-json\/wp\/v2\/users\/1\/"}],"replies":[{"embeddable":true,"href":"https:\/\/greengeneration.es\/es\/wp-json\/wp\/v2\/comments\/?post=209"}],"version-history":[{"count":32,"href":"https:\/\/greengeneration.es\/es\/wp-json\/wp\/v2\/pages\/209\/revisions\/"}],"predecessor-version":[{"id":1142,"href":"https:\/\/greengeneration.es\/es\/wp-json\/wp\/v2\/pages\/209\/revisions\/1142\/"}],"wp:attachment":[{"href":"https:\/\/greengeneration.es\/es\/wp-json\/wp\/v2\/media\/?parent=209"}],"curies":[{"name":"wp","href":"https:\/\/api.w.org\/{rel}","templated":true}]}}